{"id":791,"date":"2021-08-20T00:11:43","date_gmt":"2021-08-20T00:11:43","guid":{"rendered":"https:\/\/topfiber.fi\/?page_id=791"},"modified":"2025-03-21T18:54:33","modified_gmt":"2025-03-21T16:54:33","slug":"b2b-rekisterointi","status":"publish","type":"page","link":"https:\/\/topfiber.fi\/sv\/b2b-rekisterointi\/","title":{"rendered":"b2b rekister\u00f6inti"},"content":{"rendered":"<div class=\"banner has-hover\" id=\"banner-2063865409\">\n          <div class=\"banner-inner fill\">\n        <div class=\"banner-bg fill\" >\n            <img loading=\"lazy\" decoding=\"async\" width=\"1920\" height=\"600\" src=\"https:\/\/topfiber.fi\/wp-content\/uploads\/2024\/06\/kirjaudu.png\" class=\"bg attachment-original size-original\" alt=\"\" \/>                                    \n                    <\/div>\n\t\t\n        <div class=\"banner-layers container\">\n            <div class=\"fill banner-link\"><\/div>            \n\n   <div id=\"text-box-1725107691\" class=\"text-box banner-layer x50 md-x50 lg-x50 y50 md-y50 lg-y50 res-text\">\n                                <div class=\"text-box-content text dark\">\n              \n              <div class=\"text-inner text-center\">\n                  \n\n\t<div id=\"text-1367073630\" class=\"text\">\n\t\t\n\n<h1>B2B Registrering <br \/>f\u00f6r \u00e5terf\u00f6rs\u00e4ljare<\/h1>\n\t\t\n<style>\n#text-1367073630 {\n  font-size: 0.8rem;\n  line-height: 1.3;\n}\n<\/style>\n\t<\/div>\n\t\n\n              <\/div>\n           <\/div>\n                            \n<style>\n#text-box-1725107691 {\n  width: 60%;\n}\n#text-box-1725107691 .text-box-content {\n  font-size: 100%;\n}\n<\/style>\n    <\/div>\n \n\n        <\/div>\n      <\/div>\n\n            \n<style>\n#banner-2063865409 {\n  padding-top: 500px;\n}\n<\/style>\n  <\/div>\n\n\n\n\t<section class=\"section\" id=\"section_787577092\">\n\t\t<div class=\"section-bg fill\" >\n\t\t\t\t\t\t\t\t\t\n\t\t\t\n\n\t\t<\/div>\n\n\t\t\n\n\t\t<div class=\"section-content relative\">\n\t\t\t\n\n<div class=\"row\"  id=\"row-1789226714\">\n\n\n\t<div id=\"col-1479777464\" class=\"col medium-6 small-12 large-6\"  >\n\t\t\t\t<div class=\"col-inner\"  >\n\t\t\t\n\t\t\t\n\n\t<div id=\"text-2737262143\" class=\"text\">\n\t\t\n\n<h2>Om du redan \u00e4r \u00e5terf\u00f6rs\u00e4ljare, logga in p\u00e5 ditt konto h\u00e4r<\/h2>\n<p><\/p>\n<div class=\"forminator-ui forminator-custom-form forminator-custom-form-821 forminator-design--material  forminator_ajax\" data-forminator-render=\"0\" data-form=\"forminator-module-821\" data-uid=\"69e5f802c45c8\"><br\/><\/div><form\n\t\t\t\tid=\"forminator-module-821\"\n\t\t\t\tclass=\"forminator-ui forminator-custom-form forminator-custom-form-821 forminator-design--material  forminator_ajax\"\n\t\t\t\tmethod=\"post\"\n\t\t\t\tdata-forminator-render=\"0\"\n\t\t\t\tdata-form-id=\"821\"\n\t\t\t\t data-color-option=\"default\" data-design=\"material\" data-grid=\"open\" style=\"display: none;\"\n\t\t\t\tdata-uid=\"69e5f802c45c8\" action=\"\"\n\t\t\t><div role=\"alert\" aria-live=\"polite\" class=\"forminator-response-message forminator-error\" aria-hidden=\"true\"><\/div><div class=\"forminator-row\"><div id=\"text-1\" class=\"forminator-field-text forminator-col forminator-col-12\"><div class=\"forminator-field\"><label for=\"forminator-field-text-1_69e5f802c45c8\" id=\"forminator-field-text-1_69e5f802c45c8-label\" class=\"forminator-label\">Anv\u00e4ndarnamn eller e-postadress <span class=\"forminator-required\">*<\/span><\/label><input type=\"text\" name=\"text-1\" value=\"\" placeholder=\"\" id=\"forminator-field-text-1_69e5f802c45c8\" class=\"forminator-input forminator-name--field\" data-required=\"true\" \/><\/div><\/div><\/div><div class=\"forminator-row\"><div id=\"password-1\" class=\"forminator-field-password forminator-col forminator-col-12\"><div class=\"forminator-field\"><label for=\"forminator-field-password-1_69e5f802c45c8\" id=\"forminator-field-password-1_69e5f802c45c8-label\" class=\"forminator-label\">L\u00f6senord <span class=\"forminator-required\">*<\/span><\/label><input name=\"password-1\" value=\"\" placeholder=\"Enter your password\" id=\"forminator-field-password-1_69e5f802c45c8\" class=\"forminator-input forminator-name--field\" data-required=\"true\" type=\"password\" aria-describedby=\"forminator-field-password-1_69e5f802c45c8-description\" \/><\/div><div class=\"forminator-description forminator-description-password\" id=\"forminator-field-password-1_69e5f802c45c8-description\"><p><a title=\"Lost Password\" href=\"https:\/\/topfiber.fi\/wp-login.php?action=lostpassword&amp;redirect_to\" target=\"_blank\" rel=\"noopener\">Gl\u00f6mt ditt l\u00f6senord?<\/a><\/p><\/div><\/div><\/div><div class=\"forminator-row\"><div id=\"checkbox-1\" class=\"forminator-field-checkbox forminator-col forminator-col-12  remember-me\"><div role=\"group\" class=\"forminator-field\" aria-labelledby=\"forminator-checkbox-group-forminator-field-checkbox-1-69e5f802c45c8-label\"><label id=\"forminator-field-checkbox-1-1-69e5f802c45c8-label\" for=\"forminator-field-checkbox-1-1-69e5f802c45c8\" class=\"forminator-checkbox\" title=\"Kom ih\u00e5g mig\"><input type=\"checkbox\" name=\"checkbox-1[]\" value=\"remember-me\" id=\"forminator-field-checkbox-1-1-69e5f802c45c8\" aria-labelledby=\"forminator-field-checkbox-1-1-69e5f802c45c8-label\" data-calculation=\"0\"  \/><span class=\"forminator-checkbox-box\" aria-hidden=\"true\"><\/span><span class=\"forminator-checkbox-label\">Kom ih\u00e5g mig<\/span><\/label><\/div><\/div><\/div><input type=\"hidden\" name=\"referer_url\" value=\"\" \/><div class=\"forminator-row forminator-row-last\"><div class=\"forminator-col\"><div class=\"forminator-field\"><button class=\"forminator-button forminator-button-submit\"><span>LOGGA IN<\/span><span aria-hidden=\"true\"><\/span><\/button><\/div><\/div><\/div><input type=\"hidden\" id=\"forminator_nonce\" name=\"forminator_nonce\" value=\"ccbc956449\" \/><input type=\"hidden\" name=\"_wp_http_referer\" value=\"\/sv\/wp-json\/wp\/v2\/pages\/791\" \/><input type=\"hidden\" name=\"form_id\" value=\"821\"><input type=\"hidden\" name=\"page_id\" value=\"791\"><input type=\"hidden\" name=\"form_type\" value=\"login\"><input type=\"hidden\" name=\"current_url\" value=\"https:\/\/topfiber.fi\/sv\/b2b-rekisterointi\/\"><input type=\"hidden\" name=\"render_id\" value=\"0\"><input type=\"hidden\" name=\"redirect_to\" value=\"https:\/\/topfiber.fi\/\"><input type=\"hidden\" name=\"action\" value=\"forminator_submit_form_custom-forms\"><input type=\"hidden\" name=\"trp-form-language\" value=\"sv\"\/><\/form>\n\t\t\n<style>\n#text-2737262143 {\n  font-size: 1rem;\n  line-height: 1.3;\n}\n<\/style>\n\t<\/div>\n\t\n\n\t\t<\/div>\n\t\t\t\t\t<\/div>\n\n\t\n\n\t<div id=\"col-1317403036\" class=\"col medium-6 small-12 large-6\"  >\n\t\t\t\t<div class=\"col-inner\"  >\n\t\t\t\n\t\t\t\n\n\t<div id=\"text-136785991\" class=\"text\">\n\t\t\n\n<h2>Fris\u00f6rsalong, registrera dig som \u00e5terf\u00f6rs\u00e4ljare<\/h2>\n<p><\/p>\n<div class=\"forminator-ui forminator-custom-form forminator-custom-form-790 forminator-design--material  forminator_ajax\" data-forminator-render=\"0\" data-form=\"forminator-module-790\" data-uid=\"69e5f802c94ad\"><br\/><\/div><form\n\t\t\t\tid=\"forminator-module-790\"\n\t\t\t\tclass=\"forminator-ui forminator-custom-form forminator-custom-form-790 forminator-design--material  forminator_ajax\"\n\t\t\t\tmethod=\"post\"\n\t\t\t\tdata-forminator-render=\"0\"\n\t\t\t\tdata-form-id=\"790\"\n\t\t\t\t data-color-option=\"default\" data-design=\"material\" data-grid=\"open\" style=\"display: none;\"\n\t\t\t\tdata-uid=\"69e5f802c94ad\" action=\"\"\n\t\t\t><div role=\"alert\" aria-live=\"polite\" class=\"forminator-response-message forminator-error\" aria-hidden=\"true\"><\/div><div class=\"forminator-row\"><div id=\"text-1\" class=\"forminator-field-text forminator-col forminator-col-12\"><div class=\"forminator-field\"><label for=\"forminator-field-text-1_69e5f802c94ad\" id=\"forminator-field-text-1_69e5f802c94ad-label\" class=\"forminator-label\">Anv\u00e4ndarnamn <span class=\"forminator-required\">*<\/span><\/label><input type=\"text\" name=\"text-1\" value=\"\" placeholder=\"\" id=\"forminator-field-text-1_69e5f802c94ad\" class=\"forminator-input forminator-name--field\" data-required=\"true\" \/><\/div><\/div><\/div><div class=\"forminator-row\"><div id=\"email-1\" class=\"forminator-field-email forminator-col forminator-col-12\"><div class=\"forminator-field\"><label for=\"forminator-field-email-1_69e5f802c94ad\" id=\"forminator-field-email-1_69e5f802c94ad-label\" class=\"forminator-label\">E-postadress <span class=\"forminator-required\">*<\/span><\/label><input type=\"email\" name=\"email-1\" value=\"\" placeholder=\"\" id=\"forminator-field-email-1_69e5f802c94ad\" class=\"forminator-input forminator-email--field\" data-required=\"true\" aria-required=\"true\" autocomplete=\"email\" \/><\/div><\/div><\/div><div class=\"forminator-row\"><div id=\"password-1\" class=\"forminator-field-password forminator-col forminator-col-12\"><div class=\"forminator-field\"><label for=\"forminator-field-password-1_69e5f802c94ad\" id=\"forminator-field-password-1_69e5f802c94ad-label\" class=\"forminator-label\">L\u00f6senord <span class=\"forminator-required\">*<\/span><\/label><input name=\"password-1\" value=\"\" placeholder=\"\" id=\"forminator-field-password-1_69e5f802c94ad\" class=\"forminator-input forminator-name--field\" data-required=\"true\" type=\"password\" \/><\/div><\/div><\/div><div class=\"forminator-row\"><div id=\"text-2\" class=\"forminator-field-text forminator-col forminator-col-12\"><div class=\"forminator-field\"><label for=\"forminator-field-text-2_69e5f802c94ad\" id=\"forminator-field-text-2_69e5f802c94ad-label\" class=\"forminator-label\">V\u00e5r ber\u00e4ttelse<\/label><input type=\"text\" name=\"text-2\" value=\"\" placeholder=\"Fris\u00f6r\" id=\"forminator-field-text-2_69e5f802c94ad\" class=\"forminator-input forminator-name--field\" data-required=\"\" aria-describedby=\"forminator-field-text-2_69e5f802c94ad-description\" \/><span id=\"forminator-field-text-2_69e5f802c94ad-description\" class=\"forminator-description\">L\u00e4gg till namnet p\u00e5 fris\u00f6rsalongen h\u00e4r<\/span><\/div><\/div><\/div><input type=\"hidden\" name=\"referer_url\" value=\"\" \/><div class=\"forminator-row forminator-row-last\"><div class=\"forminator-col\"><div class=\"forminator-field\"><button class=\"forminator-button forminator-button-submit\"><span>REGISTRERA<\/span><span aria-hidden=\"true\"><\/span><\/button><\/div><\/div><\/div><input type=\"hidden\" id=\"forminator_nonce\" name=\"forminator_nonce\" value=\"4f368efaa1\" \/><input type=\"hidden\" name=\"_wp_http_referer\" value=\"\/sv\/wp-json\/wp\/v2\/pages\/791\" \/><input type=\"hidden\" name=\"form_id\" value=\"790\"><input type=\"hidden\" name=\"page_id\" value=\"791\"><input type=\"hidden\" name=\"form_type\" value=\"registration\"><input type=\"hidden\" name=\"current_url\" value=\"https:\/\/topfiber.fi\/sv\/b2b-rekisterointi\/\"><input type=\"hidden\" name=\"render_id\" value=\"0\"><input type=\"hidden\" name=\"action\" value=\"forminator_submit_form_custom-forms\"><input type=\"hidden\" name=\"trp-form-language\" value=\"sv\"\/><\/form>\n\t\t\n<style>\n#text-136785991 {\n  font-size: 1rem;\n  line-height: 1.3;\n}\n<\/style>\n\t<\/div>\n\t\n\n\t\t<\/div>\n\t\t\t\t\t<\/div>\n\n\t\n\n\n<style>\n#row-1789226714 > .col > .col-inner {\n  padding: 30px 0px 20px 0px;\n}\n<\/style>\n<\/div>\n\n\t\t<\/div>\n\n\t\t\n<style>\n#section_787577092 {\n  padding-top: 30px;\n  padding-bottom: 30px;\n}\n<\/style>\n\t<\/section>","protected":false},"excerpt":{"rendered":"","protected":false},"author":22,"featured_media":0,"parent":0,"menu_order":0,"comment_status":"closed","ping_status":"closed","template":"page-blank.php","meta":{"footnotes":""},"class_list":["post-791","page","type-page","status-publish","hentry"],"yoast_head":"<!-- This site is optimized with the Yoast SEO plugin v27.4 - https:\/\/yoast.com\/product\/yoast-seo-wordpress\/ -->\n<title>b2b rekister\u00f6inti - TopFiber<\/title>\n<meta name=\"robots\" content=\"index, follow, max-snippet:-1, max-image-preview:large, max-video-preview:-1\" \/>\n<link rel=\"canonical\" href=\"https:\/\/topfiber.fi\/sv\/b2b-rekisterointi\/\" \/>\n<meta property=\"og:locale\" content=\"sv_SE\" \/>\n<meta property=\"og:type\" content=\"article\" \/>\n<meta property=\"og:title\" content=\"b2b rekister\u00f6inti - TopFiber\" \/>\n<meta property=\"og:url\" content=\"https:\/\/topfiber.fi\/sv\/b2b-rekisterointi\/\" \/>\n<meta property=\"og:site_name\" content=\"TopFiber\" \/>\n<meta property=\"article:modified_time\" content=\"2025-03-21T16:54:33+00:00\" \/>\n<meta name=\"twitter:card\" content=\"summary_large_image\" \/>\n<script type=\"application\/ld+json\" class=\"yoast-schema-graph\">{\"@context\":\"https:\\\/\\\/schema.org\",\"@graph\":[{\"@type\":\"WebPage\",\"@id\":\"https:\\\/\\\/topfiber.fi\\\/b2b-rekisterointi\\\/\",\"url\":\"https:\\\/\\\/topfiber.fi\\\/b2b-rekisterointi\\\/\",\"name\":\"b2b rekister\u00f6inti - TopFiber\",\"isPartOf\":{\"@id\":\"https:\\\/\\\/topfiber.fi\\\/nb\\\/#website\"},\"datePublished\":\"2021-08-20T00:11:43+00:00\",\"dateModified\":\"2025-03-21T16:54:33+00:00\",\"breadcrumb\":{\"@id\":\"https:\\\/\\\/topfiber.fi\\\/b2b-rekisterointi\\\/#breadcrumb\"},\"inLanguage\":\"sv-SE\",\"potentialAction\":[{\"@type\":\"ReadAction\",\"target\":[\"https:\\\/\\\/topfiber.fi\\\/b2b-rekisterointi\\\/\"]}]},{\"@type\":\"BreadcrumbList\",\"@id\":\"https:\\\/\\\/topfiber.fi\\\/b2b-rekisterointi\\\/#breadcrumb\",\"itemListElement\":[{\"@type\":\"ListItem\",\"position\":1,\"name\":\"Etusivu\",\"item\":\"https:\\\/\\\/topfiber.fi\\\/\"},{\"@type\":\"ListItem\",\"position\":2,\"name\":\"b2b rekister\u00f6inti\"}]},{\"@type\":\"WebSite\",\"@id\":\"https:\\\/\\\/topfiber.fi\\\/nb\\\/#website\",\"url\":\"https:\\\/\\\/topfiber.fi\\\/nb\\\/\",\"name\":\"TopFiber\",\"description\":\"Hiustuotannon edell\u00e4k\u00e4vij\u00e4n\u00e4 Suomessa.\",\"potentialAction\":[{\"@type\":\"SearchAction\",\"target\":{\"@type\":\"EntryPoint\",\"urlTemplate\":\"https:\\\/\\\/topfiber.fi\\\/nb\\\/?s={search_term_string}\"},\"query-input\":{\"@type\":\"PropertyValueSpecification\",\"valueRequired\":true,\"valueName\":\"search_term_string\"}}],\"inLanguage\":\"sv-SE\"}]}<\/script>\n<!-- \/ Yoast SEO plugin. -->","yoast_head_json":{"title":"b2b rekister\u00f6inti - TopFiber","robots":{"index":"index","follow":"follow","max-snippet":"max-snippet:-1","max-image-preview":"max-image-preview:large","max-video-preview":"max-video-preview:-1"},"canonical":"https:\/\/topfiber.fi\/sv\/b2b-rekisterointi\/","og_locale":"sv_SE","og_type":"article","og_title":"b2b rekister\u00f6inti - TopFiber","og_url":"https:\/\/topfiber.fi\/sv\/b2b-rekisterointi\/","og_site_name":"TopFiber","article_modified_time":"2025-03-21T16:54:33+00:00","twitter_card":"summary_large_image","schema":{"@context":"https:\/\/schema.org","@graph":[{"@type":"WebPage","@id":"https:\/\/topfiber.fi\/b2b-rekisterointi\/","url":"https:\/\/topfiber.fi\/b2b-rekisterointi\/","name":"b2b rekister\u00f6inti - TopFiber","isPartOf":{"@id":"https:\/\/topfiber.fi\/nb\/#website"},"datePublished":"2021-08-20T00:11:43+00:00","dateModified":"2025-03-21T16:54:33+00:00","breadcrumb":{"@id":"https:\/\/topfiber.fi\/b2b-rekisterointi\/#breadcrumb"},"inLanguage":"sv-SE","potentialAction":[{"@type":"ReadAction","target":["https:\/\/topfiber.fi\/b2b-rekisterointi\/"]}]},{"@type":"BreadcrumbList","@id":"https:\/\/topfiber.fi\/b2b-rekisterointi\/#breadcrumb","itemListElement":[{"@type":"ListItem","position":1,"name":"Etusivu","item":"https:\/\/topfiber.fi\/"},{"@type":"ListItem","position":2,"name":"b2b rekister\u00f6inti"}]},{"@type":"WebSite","@id":"https:\/\/topfiber.fi\/nb\/#website","url":"https:\/\/topfiber.fi\/nb\/","name":"TopFiber","description":"Hiustuotannon edell\u00e4k\u00e4vij\u00e4n\u00e4 Suomessa.","potentialAction":[{"@type":"SearchAction","target":{"@type":"EntryPoint","urlTemplate":"https:\/\/topfiber.fi\/nb\/?s={search_term_string}"},"query-input":{"@type":"PropertyValueSpecification","valueRequired":true,"valueName":"search_term_string"}}],"inLanguage":"sv-SE"}]}},"jetpack_sharing_enabled":true,"_links":{"self":[{"href":"https:\/\/topfiber.fi\/sv\/wp-json\/wp\/v2\/pages\/791","targetHints":{"allow":["GET"]}}],"collection":[{"href":"https:\/\/topfiber.fi\/sv\/wp-json\/wp\/v2\/pages"}],"about":[{"href":"https:\/\/topfiber.fi\/sv\/wp-json\/wp\/v2\/types\/page"}],"author":[{"embeddable":true,"href":"https:\/\/topfiber.fi\/sv\/wp-json\/wp\/v2\/users\/22"}],"replies":[{"embeddable":true,"href":"https:\/\/topfiber.fi\/sv\/wp-json\/wp\/v2\/comments?post=791"}],"version-history":[{"count":15,"href":"https:\/\/topfiber.fi\/sv\/wp-json\/wp\/v2\/pages\/791\/revisions"}],"predecessor-version":[{"id":3304,"href":"https:\/\/topfiber.fi\/sv\/wp-json\/wp\/v2\/pages\/791\/revisions\/3304"}],"wp:attachment":[{"href":"https:\/\/topfiber.fi\/sv\/wp-json\/wp\/v2\/media?parent=791"}],"curies":[{"name":"wp","href":"https:\/\/api.w.org\/{rel}","templated":true}]}}