{"id":393,"date":"2021-01-12T00:42:10","date_gmt":"2021-01-12T00:42:10","guid":{"rendered":"https:\/\/topfiber.fi\/?page_id=393"},"modified":"2021-01-12T00:42:41","modified_gmt":"2021-01-12T00:42:41","slug":"our-story","status":"publish","type":"page","link":"https:\/\/topfiber.fi\/sv\/our-story\/","title":{"rendered":"OUR STORY"},"content":{"rendered":"<div class=\"banner has-hover\" id=\"banner-1269617868\">\n          <div class=\"banner-inner fill\">\n        <div class=\"banner-bg fill\" >\n            <img loading=\"lazy\" decoding=\"async\" width=\"1020\" height=\"680\" src=\"https:\/\/topfiber.fi\/wp-content\/uploads\/2020\/11\/Pakattu_TopFIber-9-1024x683.jpg\" class=\"bg attachment-large size-large\" alt=\"HIUSTENL\u00c4HT\u00d6\" \/>                                    \n                    <\/div>\n\t\t\n        <div class=\"banner-layers container\">\n            <div class=\"fill banner-link\"><\/div>            \n\n   <div id=\"text-box-195939203\" class=\"text-box banner-layer x50 md-x50 lg-x50 y50 md-y50 lg-y50 res-text\">\n                                <div class=\"text-box-content text dark\">\n              \n              <div class=\"text-inner text-center\">\n                  \n\n<h3 class=\"uppercase\"><span style=\"font-size: 130%; color: #000000;\"><strong>TOPFIBER &#8211; INNOVATION FROM FINLAND<\/strong><\/span><\/h3>\n\n              <\/div>\n           <\/div>\n                            \n<style>\n#text-box-195939203 {\n  width: 60%;\n}\n#text-box-195939203 .text-box-content {\n  font-size: 100%;\n}\n<\/style>\n    <\/div>\n \n\n        <\/div>\n      <\/div>\n\n            \n<style>\n#banner-1269617868 {\n  padding-top: 500px;\n}\n#banner-1269617868 .banner-bg img {\n  object-position: 99% 67%;\n}\n<\/style>\n  <\/div>\n\n\n\n\t<section class=\"section\" id=\"section_1574053056\">\n\t\t<div class=\"section-bg fill\" >\n\t\t\t\t\t\t\t\t\t\n\t\t\t\n\n\t\t<\/div>\n\n\t\t\n\n\t\t<div class=\"section-content relative\">\n\t\t\t\n\n\t<div id=\"gap-1193229115\" class=\"gap-element clearfix\" style=\"display:block; height:auto;\">\n\t\t\n<style>\n#gap-1193229115 {\n  padding-top: 30px;\n}\n<\/style>\n\t<\/div>\n\t\n\n<div class=\"row align-center\"  id=\"row-1909731551\">\n\n\n\t<div id=\"col-1885841913\" class=\"col medium-10 small-12 large-9\"  >\n\t\t\t\t<div class=\"col-inner text-center\"  >\n\t\t\t\n\t\t\t\n\n<p>TopFiber is an unique innovation from Finland. As Finland is best known for its beautiful nature and cold winters, is Arto Martiskainen, the inventor of TopFiber, well known as a pioneer of hair styling services in Finland. Martiskainen has been working with hair styling since 1973, first as an owner of multiple hair salons and a hair product importer and now as an inventor. About one in two women over the age of 50 suffers from hair loss. In men, hair loss often begins before the age of 30, and most men in their fifties suffer from baldness.<\/p>\n<p>Martiskainen first noticed a problem with previous manual spray applicators because it was inconvenient to use and he wasn\u2019t happy with the end result. After numerous feedback from customers he decided to develop his own electronic hair fiber applicator. In the past his customers had trouble using the product effectively on their own hair and he knew that there should be a smoother and easier way to precisely apply fibers exactly where you need it. Martiskainen enrolled in an product development class, determined to create TopFiber. After teaming up with students from Aalto University, the electric applicator which defines the TopFiber, was created. The hair fiber used in the thickener is produced in Martiskainen&#8217;s own production facility in eight different shades.<\/p>\n\n\t\t<\/div>\n\t\t\t\t\t<\/div>\n\n\t\n\n<\/div>\n\n\t\t<\/div>\n\n\t\t\n<style>\n#section_1574053056 {\n  padding-top: 80px;\n  padding-bottom: 80px;\n}\n<\/style>\n\t<\/section>\n\t\n\n\t<section class=\"section\" id=\"section_177728742\">\n\t\t<div class=\"section-bg fill\" >\n\t\t\t\t\t\t\t\t\t\n\t\t\t\n\n\t\t<\/div>\n\n\t\t\n\n\t\t<div class=\"section-content relative\">\n\t\t\t\n\n<div class=\"row row-large align-middle align-center\" style=\"max-width:1400px\" id=\"row-1372460748\">\n\n\n\t<div id=\"col-649200712\" class=\"col medium-9 small-12 large-6\"  >\n\t\t\t\t<div class=\"col-inner\"  >\n\t\t\t\n\t\t\t\n\n\n  <div class=\"banner has-hover\" id=\"banner-1772463273\">\n          <div class=\"banner-inner fill\">\n        <div class=\"banner-bg fill\" >\n            <img loading=\"lazy\" decoding=\"async\" width=\"1020\" height=\"721\" src=\"https:\/\/topfiber.fi\/wp-content\/uploads\/2020\/11\/Sprayer_logolla-kopio_60ae859-1024x724.jpg\" class=\"bg attachment-large size-large\" alt=\"\" \/>                                    \n                    <\/div>\n\t\t\n        <div class=\"banner-layers container\">\n            <div class=\"fill banner-link\"><\/div>            \n\n   <div id=\"text-box-82991999\" class=\"text-box banner-layer x50 md-x50 lg-x50 y50 md-y50 lg-y50 res-text\">\n                                <div class=\"text-box-content text dark\">\n              \n              <div class=\"text-inner text-center\">\n                  \n\n\n              <\/div>\n           <\/div>\n                            \n<style>\n#text-box-82991999 {\n  width: 60%;\n}\n#text-box-82991999 .text-box-content {\n  font-size: 100%;\n}\n@media (min-width:550px) {\n  #text-box-82991999 {\n    width: 60%;\n  }\n}\n<\/style>\n    <\/div>\n \n\n        <\/div>\n      <\/div>\n\n            \n<style>\n#banner-1772463273 {\n  padding-top: 300px;\n}\n@media (min-width:850px) {\n  #banner-1772463273 {\n    padding-top: 70%;\n  }\n}\n<\/style>\n  <\/div>\n\n\n\n\t\t<\/div>\n\t\t\t\t\t<\/div>\n\n\t\n\n\t<div id=\"col-1262453477\" class=\"col medium-9 small-12 large-6\"  >\n\t\t\t\t<div class=\"col-inner text-left\"  >\n\t\t\t\n\t\t\t\n\n<h2>TOPFIBER HAIR FIBER SPRAY &#8211; NATURAL LOOKING HAIR<\/h2>\n<p>The TopFiber fiber product is sprayed on the hair using an electronic technology sprayer. The device has a long-lasting lithium battery.<\/p>\n<p>The pump is built so that the fiber spreads very evenly and imperceptibly in the hair. It is not clear from the hair where the fiber has been sprayed. The fiber product is a really good quality natural fiber.<\/p>\n<p>The pump has three speeds, which allow the hair to get e.g. natural forehead boundary. The fiber is firmly attached to the hair by means of an electric charge and in addition, the product range includes a fixing spray.<\/p>\n<p>The device has a one-year warranty and is CE approved. The hair fiber sprayer is patented in the EU, the United States and Hong Kong.<\/p>\n\n\t\t<\/div>\n\t\t\t\t\n<style>\n#col-1262453477 > .col-inner {\n  padding: 0px 0px 0px 0px;\n}\n@media (min-width:850px) {\n  #col-1262453477 > .col-inner {\n    padding: 0px 50px 0px 50px;\n  }\n}\n<\/style>\n\t<\/div>\n\n\t\n\n<\/div>\n\t<div id=\"gap-2009966817\" class=\"gap-element clearfix\" style=\"display:block; height:auto;\">\n\t\t\n<style>\n#gap-2009966817 {\n  padding-top: 90px;\n}\n<\/style>\n\t<\/div>\n\t\n\n\n\t\t<\/div>\n\n\t\t\n<style>\n#section_177728742 {\n  padding-top: 0px;\n  padding-bottom: 0px;\n}\n<\/style>\n\t<\/section>","protected":false},"excerpt":{"rendered":"","protected":false},"author":22,"featured_media":0,"parent":0,"menu_order":0,"comment_status":"closed","ping_status":"closed","template":"page-blank.php","meta":{"footnotes":""},"class_list":["post-393","page","type-page","status-publish","hentry"],"yoast_head":"<!-- This site is optimized with the Yoast SEO plugin v27.4 - https:\/\/yoast.com\/product\/yoast-seo-wordpress\/ -->\n<title>OUR STORY - TopFiber<\/title>\n<meta name=\"robots\" content=\"index, follow, max-snippet:-1, max-image-preview:large, max-video-preview:-1\" \/>\n<link rel=\"canonical\" href=\"https:\/\/topfiber.fi\/sv\/our-story\/\" \/>\n<meta property=\"og:locale\" content=\"sv_SE\" \/>\n<meta property=\"og:type\" content=\"article\" \/>\n<meta property=\"og:title\" content=\"OUR STORY - TopFiber\" \/>\n<meta property=\"og:url\" content=\"https:\/\/topfiber.fi\/sv\/our-story\/\" \/>\n<meta property=\"og:site_name\" content=\"TopFiber\" \/>\n<meta property=\"article:modified_time\" content=\"2021-01-12T00:42:41+00:00\" \/>\n<meta name=\"twitter:card\" content=\"summary_large_image\" \/>\n<meta name=\"twitter:label1\" content=\"Ber\u00e4knad l\u00e4stid\" \/>\n\t<meta name=\"twitter:data1\" content=\"2 minuter\" \/>\n<script type=\"application\/ld+json\" class=\"yoast-schema-graph\">{\"@context\":\"https:\\\/\\\/schema.org\",\"@graph\":[{\"@type\":\"WebPage\",\"@id\":\"https:\\\/\\\/topfiber.fi\\\/our-story\\\/\",\"url\":\"https:\\\/\\\/topfiber.fi\\\/our-story\\\/\",\"name\":\"OUR STORY - TopFiber\",\"isPartOf\":{\"@id\":\"https:\\\/\\\/topfiber.fi\\\/nb\\\/#website\"},\"datePublished\":\"2021-01-12T00:42:10+00:00\",\"dateModified\":\"2021-01-12T00:42:41+00:00\",\"breadcrumb\":{\"@id\":\"https:\\\/\\\/topfiber.fi\\\/our-story\\\/#breadcrumb\"},\"inLanguage\":\"sv-SE\",\"potentialAction\":[{\"@type\":\"ReadAction\",\"target\":[\"https:\\\/\\\/topfiber.fi\\\/our-story\\\/\"]}]},{\"@type\":\"BreadcrumbList\",\"@id\":\"https:\\\/\\\/topfiber.fi\\\/our-story\\\/#breadcrumb\",\"itemListElement\":[{\"@type\":\"ListItem\",\"position\":1,\"name\":\"Etusivu\",\"item\":\"https:\\\/\\\/topfiber.fi\\\/\"},{\"@type\":\"ListItem\",\"position\":2,\"name\":\"OUR STORY\"}]},{\"@type\":\"WebSite\",\"@id\":\"https:\\\/\\\/topfiber.fi\\\/nb\\\/#website\",\"url\":\"https:\\\/\\\/topfiber.fi\\\/nb\\\/\",\"name\":\"TopFiber\",\"description\":\"Hiustuotannon edell\u00e4k\u00e4vij\u00e4n\u00e4 Suomessa.\",\"potentialAction\":[{\"@type\":\"SearchAction\",\"target\":{\"@type\":\"EntryPoint\",\"urlTemplate\":\"https:\\\/\\\/topfiber.fi\\\/nb\\\/?s={search_term_string}\"},\"query-input\":{\"@type\":\"PropertyValueSpecification\",\"valueRequired\":true,\"valueName\":\"search_term_string\"}}],\"inLanguage\":\"sv-SE\"}]}<\/script>\n<!-- \/ Yoast SEO plugin. -->","yoast_head_json":{"title":"OUR STORY - TopFiber","robots":{"index":"index","follow":"follow","max-snippet":"max-snippet:-1","max-image-preview":"max-image-preview:large","max-video-preview":"max-video-preview:-1"},"canonical":"https:\/\/topfiber.fi\/sv\/our-story\/","og_locale":"sv_SE","og_type":"article","og_title":"OUR STORY - TopFiber","og_url":"https:\/\/topfiber.fi\/sv\/our-story\/","og_site_name":"TopFiber","article_modified_time":"2021-01-12T00:42:41+00:00","twitter_card":"summary_large_image","twitter_misc":{"Ber\u00e4knad l\u00e4stid":"2 minuter"},"schema":{"@context":"https:\/\/schema.org","@graph":[{"@type":"WebPage","@id":"https:\/\/topfiber.fi\/our-story\/","url":"https:\/\/topfiber.fi\/our-story\/","name":"OUR STORY - TopFiber","isPartOf":{"@id":"https:\/\/topfiber.fi\/nb\/#website"},"datePublished":"2021-01-12T00:42:10+00:00","dateModified":"2021-01-12T00:42:41+00:00","breadcrumb":{"@id":"https:\/\/topfiber.fi\/our-story\/#breadcrumb"},"inLanguage":"sv-SE","potentialAction":[{"@type":"ReadAction","target":["https:\/\/topfiber.fi\/our-story\/"]}]},{"@type":"BreadcrumbList","@id":"https:\/\/topfiber.fi\/our-story\/#breadcrumb","itemListElement":[{"@type":"ListItem","position":1,"name":"Etusivu","item":"https:\/\/topfiber.fi\/"},{"@type":"ListItem","position":2,"name":"OUR STORY"}]},{"@type":"WebSite","@id":"https:\/\/topfiber.fi\/nb\/#website","url":"https:\/\/topfiber.fi\/nb\/","name":"TopFiber","description":"Hiustuotannon edell\u00e4k\u00e4vij\u00e4n\u00e4 Suomessa.","potentialAction":[{"@type":"SearchAction","target":{"@type":"EntryPoint","urlTemplate":"https:\/\/topfiber.fi\/nb\/?s={search_term_string}"},"query-input":{"@type":"PropertyValueSpecification","valueRequired":true,"valueName":"search_term_string"}}],"inLanguage":"sv-SE"}]}},"jetpack_sharing_enabled":true,"_links":{"self":[{"href":"https:\/\/topfiber.fi\/sv\/wp-json\/wp\/v2\/pages\/393","targetHints":{"allow":["GET"]}}],"collection":[{"href":"https:\/\/topfiber.fi\/sv\/wp-json\/wp\/v2\/pages"}],"about":[{"href":"https:\/\/topfiber.fi\/sv\/wp-json\/wp\/v2\/types\/page"}],"author":[{"embeddable":true,"href":"https:\/\/topfiber.fi\/sv\/wp-json\/wp\/v2\/users\/22"}],"replies":[{"embeddable":true,"href":"https:\/\/topfiber.fi\/sv\/wp-json\/wp\/v2\/comments?post=393"}],"version-history":[{"count":2,"href":"https:\/\/topfiber.fi\/sv\/wp-json\/wp\/v2\/pages\/393\/revisions"}],"predecessor-version":[{"id":396,"href":"https:\/\/topfiber.fi\/sv\/wp-json\/wp\/v2\/pages\/393\/revisions\/396"}],"wp:attachment":[{"href":"https:\/\/topfiber.fi\/sv\/wp-json\/wp\/v2\/media?parent=393"}],"curies":[{"name":"wp","href":"https:\/\/api.w.org\/{rel}","templated":true}]}}