{"id":99,"date":"2021-01-14T10:18:41","date_gmt":"2021-01-14T10:18:41","guid":{"rendered":"https:\/\/topfiber.fi\/?post_type=product&#038;p=99"},"modified":"2026-01-08T17:00:49","modified_gmt":"2026-01-08T15:00:49","slug":"topfiber-hiustuuhenne-sumutin","status":"publish","type":"product","link":"https:\/\/topfiber.fi\/nb\/produkt\/topfiber-hiustuuhenne-sumutin\/","title":{"rendered":"TopFiber elektronisk h\u00e5rfiberapplikator"},"content":{"rendered":"<section class=\"section\" id=\"section_1680342483\">\n\t\t<div class=\"section-bg fill\" >\n\t\t\t\t\t\t\t\t\t<div class=\"section-bg-overlay absolute fill\"><\/div>\n\t\t\t\n\n\t\t<\/div>\n\n\t\t\n\n\t\t<div class=\"section-content relative\">\n\t\t\t\n<div class=\"row row-large align-center\"  id=\"row-1397433928\">\n\n\t<div id=\"col-1169694169\" class=\"col large-12\"  >\n\t\t\t\t<div class=\"col-inner\"  >\n\t\t\t\n\t\t\t\n<h2 style=\"text-align: center;\">Se introduksjonsvideo<\/h2>\n\t\t<\/div>\n\t\t\t\t\t<\/div>\n\n\t\n\n\t<div id=\"col-1588084105\" class=\"col medium-7 small-12 large-7\"  >\n\t\t\t\t<div class=\"col-inner text-center\"  >\n\t\t\t\n\t\t\t\n<div class=\"video video-fit mb\" style=\"padding-top:56.25%;\"><p><iframe loading=\"lazy\" title=\"TopFiber -  Elektroninen hiussumutin\" width=\"1020\" height=\"574\" src=\"https:\/\/www.youtube.com\/embed\/udTvZdOS4Mo?feature=oembed\" frameborder=\"0\" allow=\"accelerometer; autoplay; clipboard-write; encrypted-media; gyroscope; picture-in-picture\" allowfullscreen><\/iframe><\/p>\n<\/div>\n\t\t<\/div>\n\t\t\t\t\t<\/div>\n\n\t\n<\/div>\n\t\t<\/div>\n\n\t\t\n<style>\n#section_1680342483 {\n  padding-top: 0px;\n  padding-bottom: 0px;\n  background-color: rgb(193, 193, 193);\n}\n#section_1680342483 .section-bg-overlay {\n  background-color: rgba(255, 255, 255, 0.85);\n}\n<\/style>\n\t<\/section>","protected":false},"excerpt":{"rendered":"<p>Elektronisella TopFiber hiustuuhennesumuttimella tuuhentaminen k\u00e4y k\u00e4tev\u00e4sti. Hiustuuhennepurkin asettaminen sumuttimeen on helppoa. Samoin nopeuden ja voimakkuuden s\u00e4\u00e4t\u00f6. Sumuttimessa on kolme eri nopeutta, hitain nopeus on tarkoitettu otsatuuhennukseen. Ladattava litium-akku.\u00a0Tuotteen mukana tulee laturi.\u00a0\u00a0Ergonominen muotoilu. 12kk takuu!<\/p>\n<p>K\u00e4ytt\u00f6: Laite saadaan p\u00e4\u00e4lle ja pois p\u00e4\u00e4lt\u00e4 painamalla ensin + n\u00e4pp\u00e4int\u00e4 pohjaan ja sitten &#8211; n\u00e4pp\u00e4int\u00e4.<\/p>","protected":false},"featured_media":1259,"template":"","meta":[],"product_brand":[],"product_cat":[28],"product_tag":[],"class_list":{"0":"post-99","1":"product","2":"type-product","3":"status-publish","4":"has-post-thumbnail","6":"product_cat-hiustuuhenne","8":"first","9":"instock","10":"taxable","11":"shipping-taxable","12":"purchasable","13":"product-type-variable","14":"berocket_lgv_grid","15":"berocket_lgv_list_grid"},"yoast_head":"<!-- This site is optimized with the Yoast SEO plugin v27.4 - https:\/\/yoast.com\/product\/yoast-seo-wordpress\/ -->\n<title>TopFiber hiustuuhenne sumutin - TopFiber<\/title>\n<meta name=\"robots\" content=\"index, follow, max-snippet:-1, max-image-preview:large, max-video-preview:-1\" \/>\n<link rel=\"canonical\" href=\"https:\/\/topfiber.fi\/nb\/produkt\/topfiber-hiustuuhenne-sumutin\/\" \/>\n<meta property=\"og:locale\" content=\"nb_NO\" \/>\n<meta property=\"og:type\" content=\"article\" \/>\n<meta property=\"og:title\" content=\"TopFiber hiustuuhenne sumutin - TopFiber\" \/>\n<meta property=\"og:description\" content=\"Elektronisella TopFiber hiustuuhennesumuttimella tuuhentaminen k\u00e4y k\u00e4tev\u00e4sti. Hiustuuhennepurkin asettaminen sumuttimeen on helppoa. Samoin nopeuden ja voimakkuuden s\u00e4\u00e4t\u00f6. Sumuttimessa on kolme eri nopeutta, hitain nopeus on tarkoitettu otsatuuhennukseen. Ladattava litium-akku.\u00a0Tuotteen mukana tulee laturi.\u00a0\u00a0Ergonominen muotoilu. 12kk takuu!  K\u00e4ytt\u00f6: Laite saadaan p\u00e4\u00e4lle ja pois p\u00e4\u00e4lt\u00e4 painamalla ensin + n\u00e4pp\u00e4int\u00e4 pohjaan ja sitten - n\u00e4pp\u00e4int\u00e4.\" \/>\n<meta property=\"og:url\" content=\"https:\/\/topfiber.fi\/nb\/produkt\/topfiber-hiustuuhenne-sumutin\/\" \/>\n<meta property=\"og:site_name\" content=\"TopFiber\" \/>\n<meta property=\"article:modified_time\" content=\"2026-01-08T15:00:49+00:00\" \/>\n<meta property=\"og:image\" content=\"https:\/\/topfiber.fi\/wp-content\/uploads\/2021\/01\/spray-elektro-scaled.jpg\" \/>\n\t<meta property=\"og:image:width\" content=\"2560\" \/>\n\t<meta property=\"og:image:height\" content=\"2560\" \/>\n\t<meta property=\"og:image:type\" content=\"image\/jpeg\" \/>\n<meta name=\"twitter:card\" content=\"summary_large_image\" \/>\n<script type=\"application\/ld+json\" class=\"yoast-schema-graph\">{\"@context\":\"https:\\\/\\\/schema.org\",\"@graph\":[{\"@type\":\"WebPage\",\"@id\":\"https:\\\/\\\/topfiber.fi\\\/tuote\\\/topfiber-hiustuuhenne-sumutin\\\/\",\"url\":\"https:\\\/\\\/topfiber.fi\\\/tuote\\\/topfiber-hiustuuhenne-sumutin\\\/\",\"name\":\"TopFiber hiustuuhenne sumutin - TopFiber\",\"isPartOf\":{\"@id\":\"https:\\\/\\\/topfiber.fi\\\/nb\\\/#website\"},\"primaryImageOfPage\":{\"@id\":\"https:\\\/\\\/topfiber.fi\\\/tuote\\\/topfiber-hiustuuhenne-sumutin\\\/#primaryimage\"},\"image\":{\"@id\":\"https:\\\/\\\/topfiber.fi\\\/tuote\\\/topfiber-hiustuuhenne-sumutin\\\/#primaryimage\"},\"thumbnailUrl\":\"https:\\\/\\\/topfiber.fi\\\/wp-content\\\/uploads\\\/2021\\\/01\\\/spray-elektro-scaled.jpg\",\"datePublished\":\"2021-01-14T10:18:41+00:00\",\"dateModified\":\"2026-01-08T15:00:49+00:00\",\"breadcrumb\":{\"@id\":\"https:\\\/\\\/topfiber.fi\\\/tuote\\\/topfiber-hiustuuhenne-sumutin\\\/#breadcrumb\"},\"inLanguage\":\"nb-NO\",\"potentialAction\":[{\"@type\":\"ReadAction\",\"target\":[\"https:\\\/\\\/topfiber.fi\\\/tuote\\\/topfiber-hiustuuhenne-sumutin\\\/\"]}]},{\"@type\":\"ImageObject\",\"inLanguage\":\"nb-NO\",\"@id\":\"https:\\\/\\\/topfiber.fi\\\/tuote\\\/topfiber-hiustuuhenne-sumutin\\\/#primaryimage\",\"url\":\"https:\\\/\\\/topfiber.fi\\\/wp-content\\\/uploads\\\/2021\\\/01\\\/spray-elektro-scaled.jpg\",\"contentUrl\":\"https:\\\/\\\/topfiber.fi\\\/wp-content\\\/uploads\\\/2021\\\/01\\\/spray-elektro-scaled.jpg\",\"width\":2560,\"height\":2560},{\"@type\":\"BreadcrumbList\",\"@id\":\"https:\\\/\\\/topfiber.fi\\\/tuote\\\/topfiber-hiustuuhenne-sumutin\\\/#breadcrumb\",\"itemListElement\":[{\"@type\":\"ListItem\",\"position\":1,\"name\":\"Etusivu\",\"item\":\"https:\\\/\\\/topfiber.fi\\\/\"},{\"@type\":\"ListItem\",\"position\":2,\"name\":\"Shop\",\"item\":\"https:\\\/\\\/topfiber.fi\\\/nb\\\/shop\\\/\"},{\"@type\":\"ListItem\",\"position\":3,\"name\":\"TopFiber hiustuuhenne sumutin\"}]},{\"@type\":\"WebSite\",\"@id\":\"https:\\\/\\\/topfiber.fi\\\/nb\\\/#website\",\"url\":\"https:\\\/\\\/topfiber.fi\\\/nb\\\/\",\"name\":\"TopFiber\",\"description\":\"Hiustuotannon edell\u00e4k\u00e4vij\u00e4n\u00e4 Suomessa.\",\"potentialAction\":[{\"@type\":\"SearchAction\",\"target\":{\"@type\":\"EntryPoint\",\"urlTemplate\":\"https:\\\/\\\/topfiber.fi\\\/nb\\\/?s={search_term_string}\"},\"query-input\":{\"@type\":\"PropertyValueSpecification\",\"valueRequired\":true,\"valueName\":\"search_term_string\"}}],\"inLanguage\":\"nb-NO\"}]}<\/script>\n<!-- \/ Yoast SEO plugin. -->","yoast_head_json":{"title":"TopFiber hiustuuhenne sumutin - TopFiber","robots":{"index":"index","follow":"follow","max-snippet":"max-snippet:-1","max-image-preview":"max-image-preview:large","max-video-preview":"max-video-preview:-1"},"canonical":"https:\/\/topfiber.fi\/nb\/produkt\/topfiber-hiustuuhenne-sumutin\/","og_locale":"nb_NO","og_type":"article","og_title":"TopFiber hiustuuhenne sumutin - TopFiber","og_description":"Elektronisella TopFiber hiustuuhennesumuttimella tuuhentaminen k\u00e4y k\u00e4tev\u00e4sti. Hiustuuhennepurkin asettaminen sumuttimeen on helppoa. Samoin nopeuden ja voimakkuuden s\u00e4\u00e4t\u00f6. Sumuttimessa on kolme eri nopeutta, hitain nopeus on tarkoitettu otsatuuhennukseen. Ladattava litium-akku.\u00a0Tuotteen mukana tulee laturi.\u00a0\u00a0Ergonominen muotoilu. 12kk takuu!  K\u00e4ytt\u00f6: Laite saadaan p\u00e4\u00e4lle ja pois p\u00e4\u00e4lt\u00e4 painamalla ensin + n\u00e4pp\u00e4int\u00e4 pohjaan ja sitten - n\u00e4pp\u00e4int\u00e4.","og_url":"https:\/\/topfiber.fi\/nb\/produkt\/topfiber-hiustuuhenne-sumutin\/","og_site_name":"TopFiber","article_modified_time":"2026-01-08T15:00:49+00:00","og_image":[{"width":2560,"height":2560,"url":"https:\/\/topfiber.fi\/wp-content\/uploads\/2021\/01\/spray-elektro-scaled.jpg","type":"image\/jpeg"}],"twitter_card":"summary_large_image","schema":{"@context":"https:\/\/schema.org","@graph":[{"@type":"WebPage","@id":"https:\/\/topfiber.fi\/tuote\/topfiber-hiustuuhenne-sumutin\/","url":"https:\/\/topfiber.fi\/tuote\/topfiber-hiustuuhenne-sumutin\/","name":"TopFiber hiustuuhenne sumutin - TopFiber","isPartOf":{"@id":"https:\/\/topfiber.fi\/nb\/#website"},"primaryImageOfPage":{"@id":"https:\/\/topfiber.fi\/tuote\/topfiber-hiustuuhenne-sumutin\/#primaryimage"},"image":{"@id":"https:\/\/topfiber.fi\/tuote\/topfiber-hiustuuhenne-sumutin\/#primaryimage"},"thumbnailUrl":"https:\/\/topfiber.fi\/wp-content\/uploads\/2021\/01\/spray-elektro-scaled.jpg","datePublished":"2021-01-14T10:18:41+00:00","dateModified":"2026-01-08T15:00:49+00:00","breadcrumb":{"@id":"https:\/\/topfiber.fi\/tuote\/topfiber-hiustuuhenne-sumutin\/#breadcrumb"},"inLanguage":"nb-NO","potentialAction":[{"@type":"ReadAction","target":["https:\/\/topfiber.fi\/tuote\/topfiber-hiustuuhenne-sumutin\/"]}]},{"@type":"ImageObject","inLanguage":"nb-NO","@id":"https:\/\/topfiber.fi\/tuote\/topfiber-hiustuuhenne-sumutin\/#primaryimage","url":"https:\/\/topfiber.fi\/wp-content\/uploads\/2021\/01\/spray-elektro-scaled.jpg","contentUrl":"https:\/\/topfiber.fi\/wp-content\/uploads\/2021\/01\/spray-elektro-scaled.jpg","width":2560,"height":2560},{"@type":"BreadcrumbList","@id":"https:\/\/topfiber.fi\/tuote\/topfiber-hiustuuhenne-sumutin\/#breadcrumb","itemListElement":[{"@type":"ListItem","position":1,"name":"Etusivu","item":"https:\/\/topfiber.fi\/"},{"@type":"ListItem","position":2,"name":"Shop","item":"https:\/\/topfiber.fi\/nb\/shop\/"},{"@type":"ListItem","position":3,"name":"TopFiber hiustuuhenne sumutin"}]},{"@type":"WebSite","@id":"https:\/\/topfiber.fi\/nb\/#website","url":"https:\/\/topfiber.fi\/nb\/","name":"TopFiber","description":"Hiustuotannon edell\u00e4k\u00e4vij\u00e4n\u00e4 Suomessa.","potentialAction":[{"@type":"SearchAction","target":{"@type":"EntryPoint","urlTemplate":"https:\/\/topfiber.fi\/nb\/?s={search_term_string}"},"query-input":{"@type":"PropertyValueSpecification","valueRequired":true,"valueName":"search_term_string"}}],"inLanguage":"nb-NO"}]}},"jetpack_sharing_enabled":true,"_links":{"self":[{"href":"https:\/\/topfiber.fi\/nb\/wp-json\/wp\/v2\/product\/99","targetHints":{"allow":["GET"]}}],"collection":[{"href":"https:\/\/topfiber.fi\/nb\/wp-json\/wp\/v2\/product"}],"about":[{"href":"https:\/\/topfiber.fi\/nb\/wp-json\/wp\/v2\/types\/product"}],"wp:featuredmedia":[{"embeddable":true,"href":"https:\/\/topfiber.fi\/nb\/wp-json\/wp\/v2\/media\/1259"}],"wp:attachment":[{"href":"https:\/\/topfiber.fi\/nb\/wp-json\/wp\/v2\/media?parent=99"}],"wp:term":[{"taxonomy":"product_brand","embeddable":true,"href":"https:\/\/topfiber.fi\/nb\/wp-json\/wp\/v2\/product_brand?post=99"},{"taxonomy":"product_cat","embeddable":true,"href":"https:\/\/topfiber.fi\/nb\/wp-json\/wp\/v2\/product_cat?post=99"},{"taxonomy":"product_tag","embeddable":true,"href":"https:\/\/topfiber.fi\/nb\/wp-json\/wp\/v2\/product_tag?post=99"}],"curies":[{"name":"wp","href":"https:\/\/api.w.org\/{rel}","templated":true}]}}