{"id":763,"date":"2021-08-05T13:02:40","date_gmt":"2021-08-05T13:02:40","guid":{"rendered":"https:\/\/topfiber.fi\/?post_type=product&#038;p=763"},"modified":"2025-04-08T08:36:41","modified_gmt":"2025-04-08T05:36:41","slug":"topfiber-3n-tuotteen-hiusten-tuuhennus-setti","status":"publish","type":"product","link":"https:\/\/topfiber.fi\/nb\/produkt\/topfiber-3n-tuotteen-hiusten-tuuhennus-setti\/","title":{"rendered":"TopFiber volumsett med tre produkter"},"content":{"rendered":"","protected":false},"excerpt":{"rendered":"<p>TopFiber volumsett med tre produkter.<\/p>\n<p>Settet inkluderer:<\/p>\n<p><strong>TopFiber volumsjampo<\/strong><\/p>\n<p>Volumsjampo for tynt h\u00e5r. Gir tekstur og fyldighet til tynt og flatt h\u00e5r. Vask h\u00e5ret forsiktig og la produktet virke i rundt to minutter f\u00f8r det skylles ut. Hovedingrediensen er risprotein.<\/p>\n<p>&nbsp;<\/p>\n<p><strong>TopFiber volumbalsam<\/strong><\/p>\n<p>H\u00e5rfortykkende balsam. Pleier og gir h\u00e5ret volum og fylde. H\u00e5ret ser naturlig ut, og ikke fett. La virke i 2\u20133 minutter. Hovedingrediensene er risprotein og polyguatermium-67.<\/p>\n<p>&nbsp;<\/p>\n<p><strong>TopFiber h\u00e5rserum<\/strong><\/p>\n<p>Volumgivende strukturspray for fint h\u00e5r. Gir struktur og fasthet til t\u00f8rt og skadet h\u00e5r. Spray p\u00e5 fuktige hender og masser i h\u00e5rlengdene med sirkelbevegelser. Hovedingrediens polyguatermium-110. <wbr \/>For best resultat anbefales t\u00f8rking eller f\u00f8ning. Resultatet er rent, naturlig og smidig h\u00e5r.<\/p>\n<p>&nbsp;<\/p>","protected":false},"featured_media":1289,"template":"","meta":[],"product_brand":[],"product_cat":[77],"product_tag":[],"class_list":{"0":"post-763","1":"product","2":"type-product","3":"status-publish","4":"has-post-thumbnail","6":"product_cat-hiusseerumi","8":"first","9":"instock","10":"taxable","11":"shipping-taxable","12":"purchasable","13":"product-type-simple","14":"berocket_lgv_grid","15":"berocket_lgv_list_grid"},"yoast_head":"<!-- This site is optimized with the Yoast SEO plugin v27.4 - https:\/\/yoast.com\/product\/yoast-seo-wordpress\/ -->\n<title>TopFiber 3:n tuotteen hiusten tuuhennus setti - TopFiber<\/title>\n<meta name=\"robots\" content=\"index, follow, max-snippet:-1, max-image-preview:large, max-video-preview:-1\" \/>\n<link rel=\"canonical\" href=\"https:\/\/topfiber.fi\/nb\/produkt\/topfiber-3n-tuotteen-hiusten-tuuhennus-setti\/\" \/>\n<meta property=\"og:locale\" content=\"nb_NO\" \/>\n<meta property=\"og:type\" content=\"article\" \/>\n<meta property=\"og:title\" content=\"TopFiber 3:n tuotteen hiusten tuuhennus setti - TopFiber\" \/>\n<meta property=\"og:description\" content=\"TopFiber 3:n tuotteen hiusten tuuhennus setti.  Setti sis\u00e4lt\u00e4\u00e4:  TopFiber thickening shampoo  Tuuheuttava shampoo ohuille ja ponnettomille hiuksille. Antaa rakennetta ja tuuheutta litteydest\u00e4 k\u00e4rsiville hennoille hiuksille. Pesee hell\u00e4varaisesti ja j\u00e4tt\u00e4\u00e4 hiukset kimmoisiksi, vaikutusaika noin 2 minuuttia ennen huuhtelua. P\u00e4\u00e4raaka-aine Rice-Protein.  &nbsp;  TopFiber Thickening hoitoaine  Tuuheuttava hoitoaine. Hoitaa ja tekee hennoista hiuksista j\u00e4ntev\u00e4t ja tuuheammat, hiukset n\u00e4ytt\u00e4v\u00e4t luonnollisilta eiv\u00e4tk\u00e4 n\u00e4yt\u00e4 rasvaisilta. Vaikutusaika 2-3 min. P\u00e4\u00e4raaka-aineet Rice protein ja Polyguatermium-67.  &nbsp;  TopFiber Hiusseerumi  Tuuheuttava rakennesuihke hennoille hiuksille. Antaa rakennetta ja j\u00e4ntevyytt\u00e4 ponnettemille hiuksille. Vied\u00e4\u00e4n hiuksiin suihkuttamalla kostutettuihin k\u00e4siin ja hierotaan py\u00f6rivin liikkein pituuksiin P\u00e4\u00e4raaka-aine Polyguatermium-110. Suositellaan kuivausta tai f\u00f6\u00f6nausta parhaan lopputuloksen aikaansaamiseksi. Lopputulos puhtaat luonnolliset ja j\u00e4ntev\u00e4t hiukset.  &nbsp;\" \/>\n<meta property=\"og:url\" content=\"https:\/\/topfiber.fi\/nb\/produkt\/topfiber-3n-tuotteen-hiusten-tuuhennus-setti\/\" \/>\n<meta property=\"og:site_name\" content=\"TopFiber\" \/>\n<meta property=\"article:modified_time\" content=\"2025-04-08T05:36:41+00:00\" \/>\n<meta property=\"og:image\" content=\"https:\/\/topfiber.fi\/wp-content\/uploads\/2021\/08\/Laatikko-la\u0308hikuva-V2-scaled.jpg\" \/>\n\t<meta property=\"og:image:width\" content=\"2560\" \/>\n\t<meta property=\"og:image:height\" content=\"2560\" \/>\n\t<meta property=\"og:image:type\" content=\"image\/jpeg\" \/>\n<meta name=\"twitter:card\" content=\"summary_large_image\" \/>\n<script type=\"application\/ld+json\" class=\"yoast-schema-graph\">{\"@context\":\"https:\\\/\\\/schema.org\",\"@graph\":[{\"@type\":\"WebPage\",\"@id\":\"https:\\\/\\\/topfiber.fi\\\/nb\\\/produkt\\\/topfiber-3n-tuotteen-hiusten-tuuhennus-setti\\\/\",\"url\":\"https:\\\/\\\/topfiber.fi\\\/nb\\\/produkt\\\/topfiber-3n-tuotteen-hiusten-tuuhennus-setti\\\/\",\"name\":\"TopFiber 3:n tuotteen hiusten tuuhennus setti - TopFiber\",\"isPartOf\":{\"@id\":\"https:\\\/\\\/topfiber.fi\\\/nb\\\/#website\"},\"primaryImageOfPage\":{\"@id\":\"https:\\\/\\\/topfiber.fi\\\/nb\\\/produkt\\\/topfiber-3n-tuotteen-hiusten-tuuhennus-setti\\\/#primaryimage\"},\"image\":{\"@id\":\"https:\\\/\\\/topfiber.fi\\\/nb\\\/produkt\\\/topfiber-3n-tuotteen-hiusten-tuuhennus-setti\\\/#primaryimage\"},\"thumbnailUrl\":\"https:\\\/\\\/topfiber.fi\\\/wp-content\\\/uploads\\\/2021\\\/08\\\/Laatikko-la\u0308hikuva-V2-scaled.jpg\",\"datePublished\":\"2021-08-05T13:02:40+00:00\",\"dateModified\":\"2025-04-08T05:36:41+00:00\",\"breadcrumb\":{\"@id\":\"https:\\\/\\\/topfiber.fi\\\/nb\\\/produkt\\\/topfiber-3n-tuotteen-hiusten-tuuhennus-setti\\\/#breadcrumb\"},\"inLanguage\":\"nb-NO\",\"potentialAction\":[{\"@type\":\"ReadAction\",\"target\":[\"https:\\\/\\\/topfiber.fi\\\/nb\\\/produkt\\\/topfiber-3n-tuotteen-hiusten-tuuhennus-setti\\\/\"]}]},{\"@type\":\"ImageObject\",\"inLanguage\":\"nb-NO\",\"@id\":\"https:\\\/\\\/topfiber.fi\\\/nb\\\/produkt\\\/topfiber-3n-tuotteen-hiusten-tuuhennus-setti\\\/#primaryimage\",\"url\":\"https:\\\/\\\/topfiber.fi\\\/wp-content\\\/uploads\\\/2021\\\/08\\\/Laatikko-la\u0308hikuva-V2-scaled.jpg\",\"contentUrl\":\"https:\\\/\\\/topfiber.fi\\\/wp-content\\\/uploads\\\/2021\\\/08\\\/Laatikko-la\u0308hikuva-V2-scaled.jpg\",\"width\":2560,\"height\":2560},{\"@type\":\"BreadcrumbList\",\"@id\":\"https:\\\/\\\/topfiber.fi\\\/nb\\\/produkt\\\/topfiber-3n-tuotteen-hiusten-tuuhennus-setti\\\/#breadcrumb\",\"itemListElement\":[{\"@type\":\"ListItem\",\"position\":1,\"name\":\"Etusivu\",\"item\":\"https:\\\/\\\/topfiber.fi\\\/\"},{\"@type\":\"ListItem\",\"position\":2,\"name\":\"Shop\",\"item\":\"https:\\\/\\\/topfiber.fi\\\/nb\\\/shop\\\/\"},{\"@type\":\"ListItem\",\"position\":3,\"name\":\"TopFiber 3:n tuotteen hiusten tuuhennus setti\"}]},{\"@type\":\"WebSite\",\"@id\":\"https:\\\/\\\/topfiber.fi\\\/nb\\\/#website\",\"url\":\"https:\\\/\\\/topfiber.fi\\\/nb\\\/\",\"name\":\"TopFiber\",\"description\":\"Hiustuotannon edell\u00e4k\u00e4vij\u00e4n\u00e4 Suomessa.\",\"potentialAction\":[{\"@type\":\"SearchAction\",\"target\":{\"@type\":\"EntryPoint\",\"urlTemplate\":\"https:\\\/\\\/topfiber.fi\\\/nb\\\/?s={search_term_string}\"},\"query-input\":{\"@type\":\"PropertyValueSpecification\",\"valueRequired\":true,\"valueName\":\"search_term_string\"}}],\"inLanguage\":\"nb-NO\"}]}<\/script>\n<!-- \/ Yoast SEO plugin. -->","yoast_head_json":{"title":"TopFiber 3:n tuotteen hiusten tuuhennus setti - TopFiber","robots":{"index":"index","follow":"follow","max-snippet":"max-snippet:-1","max-image-preview":"max-image-preview:large","max-video-preview":"max-video-preview:-1"},"canonical":"https:\/\/topfiber.fi\/nb\/produkt\/topfiber-3n-tuotteen-hiusten-tuuhennus-setti\/","og_locale":"nb_NO","og_type":"article","og_title":"TopFiber 3:n tuotteen hiusten tuuhennus setti - TopFiber","og_description":"TopFiber 3:n tuotteen hiusten tuuhennus setti.  Setti sis\u00e4lt\u00e4\u00e4:  TopFiber thickening shampoo  Tuuheuttava shampoo ohuille ja ponnettomille hiuksille. Antaa rakennetta ja tuuheutta litteydest\u00e4 k\u00e4rsiville hennoille hiuksille. Pesee hell\u00e4varaisesti ja j\u00e4tt\u00e4\u00e4 hiukset kimmoisiksi, vaikutusaika noin 2 minuuttia ennen huuhtelua. P\u00e4\u00e4raaka-aine Rice-Protein.  &nbsp;  TopFiber Thickening hoitoaine  Tuuheuttava hoitoaine. Hoitaa ja tekee hennoista hiuksista j\u00e4ntev\u00e4t ja tuuheammat, hiukset n\u00e4ytt\u00e4v\u00e4t luonnollisilta eiv\u00e4tk\u00e4 n\u00e4yt\u00e4 rasvaisilta. Vaikutusaika 2-3 min. P\u00e4\u00e4raaka-aineet Rice protein ja Polyguatermium-67.  &nbsp;  TopFiber Hiusseerumi  Tuuheuttava rakennesuihke hennoille hiuksille. Antaa rakennetta ja j\u00e4ntevyytt\u00e4 ponnettemille hiuksille. Vied\u00e4\u00e4n hiuksiin suihkuttamalla kostutettuihin k\u00e4siin ja hierotaan py\u00f6rivin liikkein pituuksiin P\u00e4\u00e4raaka-aine Polyguatermium-110. Suositellaan kuivausta tai f\u00f6\u00f6nausta parhaan lopputuloksen aikaansaamiseksi. Lopputulos puhtaat luonnolliset ja j\u00e4ntev\u00e4t hiukset.  &nbsp;","og_url":"https:\/\/topfiber.fi\/nb\/produkt\/topfiber-3n-tuotteen-hiusten-tuuhennus-setti\/","og_site_name":"TopFiber","article_modified_time":"2025-04-08T05:36:41+00:00","og_image":[{"width":2560,"height":2560,"url":"https:\/\/topfiber.fi\/wp-content\/uploads\/2021\/08\/Laatikko-la\u0308hikuva-V2-scaled.jpg","type":"image\/jpeg"}],"twitter_card":"summary_large_image","schema":{"@context":"https:\/\/schema.org","@graph":[{"@type":"WebPage","@id":"https:\/\/topfiber.fi\/nb\/produkt\/topfiber-3n-tuotteen-hiusten-tuuhennus-setti\/","url":"https:\/\/topfiber.fi\/nb\/produkt\/topfiber-3n-tuotteen-hiusten-tuuhennus-setti\/","name":"TopFiber 3:n tuotteen hiusten tuuhennus setti - TopFiber","isPartOf":{"@id":"https:\/\/topfiber.fi\/nb\/#website"},"primaryImageOfPage":{"@id":"https:\/\/topfiber.fi\/nb\/produkt\/topfiber-3n-tuotteen-hiusten-tuuhennus-setti\/#primaryimage"},"image":{"@id":"https:\/\/topfiber.fi\/nb\/produkt\/topfiber-3n-tuotteen-hiusten-tuuhennus-setti\/#primaryimage"},"thumbnailUrl":"https:\/\/topfiber.fi\/wp-content\/uploads\/2021\/08\/Laatikko-la\u0308hikuva-V2-scaled.jpg","datePublished":"2021-08-05T13:02:40+00:00","dateModified":"2025-04-08T05:36:41+00:00","breadcrumb":{"@id":"https:\/\/topfiber.fi\/nb\/produkt\/topfiber-3n-tuotteen-hiusten-tuuhennus-setti\/#breadcrumb"},"inLanguage":"nb-NO","potentialAction":[{"@type":"ReadAction","target":["https:\/\/topfiber.fi\/nb\/produkt\/topfiber-3n-tuotteen-hiusten-tuuhennus-setti\/"]}]},{"@type":"ImageObject","inLanguage":"nb-NO","@id":"https:\/\/topfiber.fi\/nb\/produkt\/topfiber-3n-tuotteen-hiusten-tuuhennus-setti\/#primaryimage","url":"https:\/\/topfiber.fi\/wp-content\/uploads\/2021\/08\/Laatikko-la\u0308hikuva-V2-scaled.jpg","contentUrl":"https:\/\/topfiber.fi\/wp-content\/uploads\/2021\/08\/Laatikko-la\u0308hikuva-V2-scaled.jpg","width":2560,"height":2560},{"@type":"BreadcrumbList","@id":"https:\/\/topfiber.fi\/nb\/produkt\/topfiber-3n-tuotteen-hiusten-tuuhennus-setti\/#breadcrumb","itemListElement":[{"@type":"ListItem","position":1,"name":"Etusivu","item":"https:\/\/topfiber.fi\/"},{"@type":"ListItem","position":2,"name":"Shop","item":"https:\/\/topfiber.fi\/nb\/shop\/"},{"@type":"ListItem","position":3,"name":"TopFiber 3:n tuotteen hiusten tuuhennus setti"}]},{"@type":"WebSite","@id":"https:\/\/topfiber.fi\/nb\/#website","url":"https:\/\/topfiber.fi\/nb\/","name":"TopFiber","description":"Hiustuotannon edell\u00e4k\u00e4vij\u00e4n\u00e4 Suomessa.","potentialAction":[{"@type":"SearchAction","target":{"@type":"EntryPoint","urlTemplate":"https:\/\/topfiber.fi\/nb\/?s={search_term_string}"},"query-input":{"@type":"PropertyValueSpecification","valueRequired":true,"valueName":"search_term_string"}}],"inLanguage":"nb-NO"}]}},"jetpack_sharing_enabled":true,"_links":{"self":[{"href":"https:\/\/topfiber.fi\/nb\/wp-json\/wp\/v2\/product\/763","targetHints":{"allow":["GET"]}}],"collection":[{"href":"https:\/\/topfiber.fi\/nb\/wp-json\/wp\/v2\/product"}],"about":[{"href":"https:\/\/topfiber.fi\/nb\/wp-json\/wp\/v2\/types\/product"}],"wp:featuredmedia":[{"embeddable":true,"href":"https:\/\/topfiber.fi\/nb\/wp-json\/wp\/v2\/media\/1289"}],"wp:attachment":[{"href":"https:\/\/topfiber.fi\/nb\/wp-json\/wp\/v2\/media?parent=763"}],"wp:term":[{"taxonomy":"product_brand","embeddable":true,"href":"https:\/\/topfiber.fi\/nb\/wp-json\/wp\/v2\/product_brand?post=763"},{"taxonomy":"product_cat","embeddable":true,"href":"https:\/\/topfiber.fi\/nb\/wp-json\/wp\/v2\/product_cat?post=763"},{"taxonomy":"product_tag","embeddable":true,"href":"https:\/\/topfiber.fi\/nb\/wp-json\/wp\/v2\/product_tag?post=763"}],"curies":[{"name":"wp","href":"https:\/\/api.w.org\/{rel}","templated":true}]}}