{"id":742,"date":"2021-08-01T12:05:48","date_gmt":"2021-08-01T12:05:48","guid":{"rendered":"https:\/\/topfiber.fi\/?post_type=product&#038;p=742"},"modified":"2025-04-08T08:48:58","modified_gmt":"2025-04-08T05:48:58","slug":"topfiber-thickening-sampoo","status":"publish","type":"product","link":"https:\/\/topfiber.fi\/nb\/produkt\/topfiber-thickening-sampoo\/","title":{"rendered":"TopFiber volumsjampo"},"content":{"rendered":"","protected":false},"excerpt":{"rendered":"<p>Volumsjampo for tynt h\u00e5r. Gir tekstur og fyldighet til tynt og flatt h\u00e5r. Vask h\u00e5ret forsiktig og la produktet virke i rundt to minutter f\u00f8r det skylles ut. Hovedingrediensen er risprotein.<\/p>","protected":false},"featured_media":1261,"template":"","meta":[],"product_brand":[],"product_cat":[75],"product_tag":[],"class_list":{"0":"post-742","1":"product","2":"type-product","3":"status-publish","4":"has-post-thumbnail","6":"product_cat-shampoo","8":"first","9":"instock","10":"taxable","11":"shipping-taxable","12":"purchasable","13":"product-type-simple","14":"berocket_lgv_grid","15":"berocket_lgv_list_grid"},"yoast_head":"<!-- This site is optimized with the Yoast SEO plugin v27.4 - https:\/\/yoast.com\/product\/yoast-seo-wordpress\/ -->\n<title>TopFiber thickening shampoo - TopFiber<\/title>\n<meta name=\"robots\" content=\"index, follow, max-snippet:-1, max-image-preview:large, max-video-preview:-1\" \/>\n<link rel=\"canonical\" href=\"https:\/\/topfiber.fi\/nb\/produkt\/topfiber-thickening-sampoo\/\" \/>\n<meta property=\"og:locale\" content=\"nb_NO\" \/>\n<meta property=\"og:type\" content=\"article\" \/>\n<meta property=\"og:title\" content=\"TopFiber thickening shampoo - TopFiber\" \/>\n<meta property=\"og:description\" content=\"Tuuheuttava shampoo ohuille ja ponnettomille hiuksille. Antaa rakennetta ja tuuheutta litteydest\u00e4 k\u00e4rsiville hennoille hiuksille. Pesee hell\u00e4varaisesti ja j\u00e4tt\u00e4\u00e4 hiukset kimmoisiksi, vaikutusaika noin 2 minuuttia ennen huuhtelua. P\u00e4\u00e4raaka-aine Rice-Protein.\" \/>\n<meta property=\"og:url\" content=\"https:\/\/topfiber.fi\/nb\/produkt\/topfiber-thickening-sampoo\/\" \/>\n<meta property=\"og:site_name\" content=\"TopFiber\" \/>\n<meta property=\"article:modified_time\" content=\"2025-04-08T05:48:58+00:00\" \/>\n<meta property=\"og:image\" content=\"https:\/\/topfiber.fi\/wp-content\/uploads\/2021\/08\/shampoo-1-scaled.jpg\" \/>\n\t<meta property=\"og:image:width\" content=\"2560\" \/>\n\t<meta property=\"og:image:height\" content=\"2560\" \/>\n\t<meta property=\"og:image:type\" content=\"image\/jpeg\" \/>\n<meta name=\"twitter:card\" content=\"summary_large_image\" \/>\n<script type=\"application\/ld+json\" class=\"yoast-schema-graph\">{\"@context\":\"https:\\\/\\\/schema.org\",\"@graph\":[{\"@type\":\"WebPage\",\"@id\":\"https:\\\/\\\/topfiber.fi\\\/sv\\\/produkt\\\/topfiber-thickening-sampoo\\\/\",\"url\":\"https:\\\/\\\/topfiber.fi\\\/sv\\\/produkt\\\/topfiber-thickening-sampoo\\\/\",\"name\":\"TopFiber thickening shampoo - TopFiber\",\"isPartOf\":{\"@id\":\"https:\\\/\\\/topfiber.fi\\\/nb\\\/#website\"},\"primaryImageOfPage\":{\"@id\":\"https:\\\/\\\/topfiber.fi\\\/sv\\\/produkt\\\/topfiber-thickening-sampoo\\\/#primaryimage\"},\"image\":{\"@id\":\"https:\\\/\\\/topfiber.fi\\\/sv\\\/produkt\\\/topfiber-thickening-sampoo\\\/#primaryimage\"},\"thumbnailUrl\":\"https:\\\/\\\/topfiber.fi\\\/wp-content\\\/uploads\\\/2021\\\/08\\\/shampoo-1-scaled.jpg\",\"datePublished\":\"2021-08-01T12:05:48+00:00\",\"dateModified\":\"2025-04-08T05:48:58+00:00\",\"breadcrumb\":{\"@id\":\"https:\\\/\\\/topfiber.fi\\\/sv\\\/produkt\\\/topfiber-thickening-sampoo\\\/#breadcrumb\"},\"inLanguage\":\"nb-NO\",\"potentialAction\":[{\"@type\":\"ReadAction\",\"target\":[\"https:\\\/\\\/topfiber.fi\\\/sv\\\/produkt\\\/topfiber-thickening-sampoo\\\/\"]}]},{\"@type\":\"ImageObject\",\"inLanguage\":\"nb-NO\",\"@id\":\"https:\\\/\\\/topfiber.fi\\\/sv\\\/produkt\\\/topfiber-thickening-sampoo\\\/#primaryimage\",\"url\":\"https:\\\/\\\/topfiber.fi\\\/wp-content\\\/uploads\\\/2021\\\/08\\\/shampoo-1-scaled.jpg\",\"contentUrl\":\"https:\\\/\\\/topfiber.fi\\\/wp-content\\\/uploads\\\/2021\\\/08\\\/shampoo-1-scaled.jpg\",\"width\":2560,\"height\":2560},{\"@type\":\"BreadcrumbList\",\"@id\":\"https:\\\/\\\/topfiber.fi\\\/sv\\\/produkt\\\/topfiber-thickening-sampoo\\\/#breadcrumb\",\"itemListElement\":[{\"@type\":\"ListItem\",\"position\":1,\"name\":\"Etusivu\",\"item\":\"https:\\\/\\\/topfiber.fi\\\/\"},{\"@type\":\"ListItem\",\"position\":2,\"name\":\"Shop\",\"item\":\"https:\\\/\\\/topfiber.fi\\\/nb\\\/shop\\\/\"},{\"@type\":\"ListItem\",\"position\":3,\"name\":\"TopFiber thickening shampoo\"}]},{\"@type\":\"WebSite\",\"@id\":\"https:\\\/\\\/topfiber.fi\\\/nb\\\/#website\",\"url\":\"https:\\\/\\\/topfiber.fi\\\/nb\\\/\",\"name\":\"TopFiber\",\"description\":\"Hiustuotannon edell\u00e4k\u00e4vij\u00e4n\u00e4 Suomessa.\",\"potentialAction\":[{\"@type\":\"SearchAction\",\"target\":{\"@type\":\"EntryPoint\",\"urlTemplate\":\"https:\\\/\\\/topfiber.fi\\\/nb\\\/?s={search_term_string}\"},\"query-input\":{\"@type\":\"PropertyValueSpecification\",\"valueRequired\":true,\"valueName\":\"search_term_string\"}}],\"inLanguage\":\"nb-NO\"}]}<\/script>\n<!-- \/ Yoast SEO plugin. -->","yoast_head_json":{"title":"TopFiber thickening shampoo - TopFiber","robots":{"index":"index","follow":"follow","max-snippet":"max-snippet:-1","max-image-preview":"max-image-preview:large","max-video-preview":"max-video-preview:-1"},"canonical":"https:\/\/topfiber.fi\/nb\/produkt\/topfiber-thickening-sampoo\/","og_locale":"nb_NO","og_type":"article","og_title":"TopFiber thickening shampoo - TopFiber","og_description":"Tuuheuttava shampoo ohuille ja ponnettomille hiuksille. Antaa rakennetta ja tuuheutta litteydest\u00e4 k\u00e4rsiville hennoille hiuksille. Pesee hell\u00e4varaisesti ja j\u00e4tt\u00e4\u00e4 hiukset kimmoisiksi, vaikutusaika noin 2 minuuttia ennen huuhtelua. P\u00e4\u00e4raaka-aine Rice-Protein.","og_url":"https:\/\/topfiber.fi\/nb\/produkt\/topfiber-thickening-sampoo\/","og_site_name":"TopFiber","article_modified_time":"2025-04-08T05:48:58+00:00","og_image":[{"width":2560,"height":2560,"url":"https:\/\/topfiber.fi\/wp-content\/uploads\/2021\/08\/shampoo-1-scaled.jpg","type":"image\/jpeg"}],"twitter_card":"summary_large_image","schema":{"@context":"https:\/\/schema.org","@graph":[{"@type":"WebPage","@id":"https:\/\/topfiber.fi\/sv\/produkt\/topfiber-thickening-sampoo\/","url":"https:\/\/topfiber.fi\/sv\/produkt\/topfiber-thickening-sampoo\/","name":"TopFiber thickening shampoo - TopFiber","isPartOf":{"@id":"https:\/\/topfiber.fi\/nb\/#website"},"primaryImageOfPage":{"@id":"https:\/\/topfiber.fi\/sv\/produkt\/topfiber-thickening-sampoo\/#primaryimage"},"image":{"@id":"https:\/\/topfiber.fi\/sv\/produkt\/topfiber-thickening-sampoo\/#primaryimage"},"thumbnailUrl":"https:\/\/topfiber.fi\/wp-content\/uploads\/2021\/08\/shampoo-1-scaled.jpg","datePublished":"2021-08-01T12:05:48+00:00","dateModified":"2025-04-08T05:48:58+00:00","breadcrumb":{"@id":"https:\/\/topfiber.fi\/sv\/produkt\/topfiber-thickening-sampoo\/#breadcrumb"},"inLanguage":"nb-NO","potentialAction":[{"@type":"ReadAction","target":["https:\/\/topfiber.fi\/sv\/produkt\/topfiber-thickening-sampoo\/"]}]},{"@type":"ImageObject","inLanguage":"nb-NO","@id":"https:\/\/topfiber.fi\/sv\/produkt\/topfiber-thickening-sampoo\/#primaryimage","url":"https:\/\/topfiber.fi\/wp-content\/uploads\/2021\/08\/shampoo-1-scaled.jpg","contentUrl":"https:\/\/topfiber.fi\/wp-content\/uploads\/2021\/08\/shampoo-1-scaled.jpg","width":2560,"height":2560},{"@type":"BreadcrumbList","@id":"https:\/\/topfiber.fi\/sv\/produkt\/topfiber-thickening-sampoo\/#breadcrumb","itemListElement":[{"@type":"ListItem","position":1,"name":"Etusivu","item":"https:\/\/topfiber.fi\/"},{"@type":"ListItem","position":2,"name":"Shop","item":"https:\/\/topfiber.fi\/nb\/shop\/"},{"@type":"ListItem","position":3,"name":"TopFiber thickening shampoo"}]},{"@type":"WebSite","@id":"https:\/\/topfiber.fi\/nb\/#website","url":"https:\/\/topfiber.fi\/nb\/","name":"TopFiber","description":"Hiustuotannon edell\u00e4k\u00e4vij\u00e4n\u00e4 Suomessa.","potentialAction":[{"@type":"SearchAction","target":{"@type":"EntryPoint","urlTemplate":"https:\/\/topfiber.fi\/nb\/?s={search_term_string}"},"query-input":{"@type":"PropertyValueSpecification","valueRequired":true,"valueName":"search_term_string"}}],"inLanguage":"nb-NO"}]}},"jetpack_sharing_enabled":true,"_links":{"self":[{"href":"https:\/\/topfiber.fi\/nb\/wp-json\/wp\/v2\/product\/742","targetHints":{"allow":["GET"]}}],"collection":[{"href":"https:\/\/topfiber.fi\/nb\/wp-json\/wp\/v2\/product"}],"about":[{"href":"https:\/\/topfiber.fi\/nb\/wp-json\/wp\/v2\/types\/product"}],"wp:featuredmedia":[{"embeddable":true,"href":"https:\/\/topfiber.fi\/nb\/wp-json\/wp\/v2\/media\/1261"}],"wp:attachment":[{"href":"https:\/\/topfiber.fi\/nb\/wp-json\/wp\/v2\/media?parent=742"}],"wp:term":[{"taxonomy":"product_brand","embeddable":true,"href":"https:\/\/topfiber.fi\/nb\/wp-json\/wp\/v2\/product_brand?post=742"},{"taxonomy":"product_cat","embeddable":true,"href":"https:\/\/topfiber.fi\/nb\/wp-json\/wp\/v2\/product_cat?post=742"},{"taxonomy":"product_tag","embeddable":true,"href":"https:\/\/topfiber.fi\/nb\/wp-json\/wp\/v2\/product_tag?post=742"}],"curies":[{"name":"wp","href":"https:\/\/api.w.org\/{rel}","templated":true}]}}