{"id":275,"date":"2020-12-15T00:20:27","date_gmt":"2020-12-15T00:20:27","guid":{"rendered":"https:\/\/topfiber.fi\/?post_type=product&#038;p=275"},"modified":"2025-04-08T18:06:57","modified_gmt":"2025-04-08T15:06:57","slug":"topfiber-hiustuuhenteen-lukituskiinne","status":"publish","type":"product","link":"https:\/\/topfiber.fi\/nb\/produkt\/topfiber-hiustuuhenteen-lukituskiinne\/","title":{"rendered":"TopFiber h\u00e5rfiberspray"},"content":{"rendered":"","protected":false},"excerpt":{"rendered":"<div id=\"ProductDescription\">\n<div id=\"ProductDescription\">\n<div id=\"ProductDescription\">\n<div id=\"ProductDescription\">\n<p>TopFiber-spray er en fin t\u00e5ke som er designet for \u00e5 styrke b\u00e5ndet mellom TopFiber h\u00e5rbyggende fiber og ditt eksisterende h\u00e5r, noe som gj\u00f8r at resultatet varer lenger. Det er en hurtigt\u00f8rkende ikke-aerosol som gir perfekt resultat og naturlig glans. Tilgjengelig i 150 ml flaske.<\/p>\n<\/div>\n<\/div>\n<\/div>\n<\/div>","protected":false},"featured_media":1265,"template":"","meta":[],"product_brand":[],"product_cat":[28],"product_tag":[],"class_list":{"0":"post-275","1":"product","2":"type-product","3":"status-publish","4":"has-post-thumbnail","6":"product_cat-hiustuuhenne","8":"first","9":"instock","10":"taxable","11":"shipping-taxable","12":"purchasable","13":"product-type-simple","14":"berocket_lgv_grid","15":"berocket_lgv_list_grid"},"yoast_head":"<!-- This site is optimized with the Yoast SEO plugin v27.4 - https:\/\/yoast.com\/product\/yoast-seo-wordpress\/ -->\n<title>TopFiber hiustuuhenteen lukituskiinne - TopFiber<\/title>\n<meta name=\"robots\" content=\"index, follow, max-snippet:-1, max-image-preview:large, max-video-preview:-1\" \/>\n<link rel=\"canonical\" href=\"https:\/\/topfiber.fi\/nb\/produkt\/topfiber-hiustuuhenteen-lukituskiinne\/\" \/>\n<meta property=\"og:locale\" content=\"nb_NO\" \/>\n<meta property=\"og:type\" content=\"article\" \/>\n<meta property=\"og:title\" content=\"TopFiber hiustuuhenteen lukituskiinne - TopFiber\" \/>\n<meta property=\"og:description\" content=\"TopFiber hiustuuhenteen lukituskiinne non-aerosoli 150 ml. Varmista nopeasti kuivuvalla lukituskiinteell\u00e4, ett\u00e4 TopFiber-hiustuuhenne pysyy paikallaan! Valmistetaan Suomessa.\" \/>\n<meta property=\"og:url\" content=\"https:\/\/topfiber.fi\/nb\/produkt\/topfiber-hiustuuhenteen-lukituskiinne\/\" \/>\n<meta property=\"og:site_name\" content=\"TopFiber\" \/>\n<meta property=\"article:modified_time\" content=\"2025-04-08T15:06:57+00:00\" \/>\n<meta property=\"og:image\" content=\"https:\/\/topfiber.fi\/wp-content\/uploads\/2020\/12\/kiinnespray-scaled.jpg\" \/>\n\t<meta property=\"og:image:width\" content=\"2560\" \/>\n\t<meta property=\"og:image:height\" content=\"2560\" \/>\n\t<meta property=\"og:image:type\" content=\"image\/jpeg\" \/>\n<meta name=\"twitter:card\" content=\"summary_large_image\" \/>\n<script type=\"application\/ld+json\" class=\"yoast-schema-graph\">{\"@context\":\"https:\\\/\\\/schema.org\",\"@graph\":[{\"@type\":\"WebPage\",\"@id\":\"https:\\\/\\\/topfiber.fi\\\/tuote\\\/topfiber-hiustuuhenteen-lukituskiinne\\\/\",\"url\":\"https:\\\/\\\/topfiber.fi\\\/tuote\\\/topfiber-hiustuuhenteen-lukituskiinne\\\/\",\"name\":\"TopFiber hiustuuhenteen lukituskiinne - TopFiber\",\"isPartOf\":{\"@id\":\"https:\\\/\\\/topfiber.fi\\\/nb\\\/#website\"},\"primaryImageOfPage\":{\"@id\":\"https:\\\/\\\/topfiber.fi\\\/tuote\\\/topfiber-hiustuuhenteen-lukituskiinne\\\/#primaryimage\"},\"image\":{\"@id\":\"https:\\\/\\\/topfiber.fi\\\/tuote\\\/topfiber-hiustuuhenteen-lukituskiinne\\\/#primaryimage\"},\"thumbnailUrl\":\"https:\\\/\\\/topfiber.fi\\\/wp-content\\\/uploads\\\/2020\\\/12\\\/kiinnespray-scaled.jpg\",\"datePublished\":\"2020-12-15T00:20:27+00:00\",\"dateModified\":\"2025-04-08T15:06:57+00:00\",\"breadcrumb\":{\"@id\":\"https:\\\/\\\/topfiber.fi\\\/tuote\\\/topfiber-hiustuuhenteen-lukituskiinne\\\/#breadcrumb\"},\"inLanguage\":\"nb-NO\",\"potentialAction\":[{\"@type\":\"ReadAction\",\"target\":[\"https:\\\/\\\/topfiber.fi\\\/tuote\\\/topfiber-hiustuuhenteen-lukituskiinne\\\/\"]}]},{\"@type\":\"ImageObject\",\"inLanguage\":\"nb-NO\",\"@id\":\"https:\\\/\\\/topfiber.fi\\\/tuote\\\/topfiber-hiustuuhenteen-lukituskiinne\\\/#primaryimage\",\"url\":\"https:\\\/\\\/topfiber.fi\\\/wp-content\\\/uploads\\\/2020\\\/12\\\/kiinnespray-scaled.jpg\",\"contentUrl\":\"https:\\\/\\\/topfiber.fi\\\/wp-content\\\/uploads\\\/2020\\\/12\\\/kiinnespray-scaled.jpg\",\"width\":2560,\"height\":2560},{\"@type\":\"BreadcrumbList\",\"@id\":\"https:\\\/\\\/topfiber.fi\\\/tuote\\\/topfiber-hiustuuhenteen-lukituskiinne\\\/#breadcrumb\",\"itemListElement\":[{\"@type\":\"ListItem\",\"position\":1,\"name\":\"Etusivu\",\"item\":\"https:\\\/\\\/topfiber.fi\\\/\"},{\"@type\":\"ListItem\",\"position\":2,\"name\":\"Shop\",\"item\":\"https:\\\/\\\/topfiber.fi\\\/nb\\\/shop\\\/\"},{\"@type\":\"ListItem\",\"position\":3,\"name\":\"TopFiber hiustuuhenteen lukituskiinne\"}]},{\"@type\":\"WebSite\",\"@id\":\"https:\\\/\\\/topfiber.fi\\\/nb\\\/#website\",\"url\":\"https:\\\/\\\/topfiber.fi\\\/nb\\\/\",\"name\":\"TopFiber\",\"description\":\"Hiustuotannon edell\u00e4k\u00e4vij\u00e4n\u00e4 Suomessa.\",\"potentialAction\":[{\"@type\":\"SearchAction\",\"target\":{\"@type\":\"EntryPoint\",\"urlTemplate\":\"https:\\\/\\\/topfiber.fi\\\/nb\\\/?s={search_term_string}\"},\"query-input\":{\"@type\":\"PropertyValueSpecification\",\"valueRequired\":true,\"valueName\":\"search_term_string\"}}],\"inLanguage\":\"nb-NO\"}]}<\/script>\n<!-- \/ Yoast SEO plugin. -->","yoast_head_json":{"title":"TopFiber hiustuuhenteen lukituskiinne - TopFiber","robots":{"index":"index","follow":"follow","max-snippet":"max-snippet:-1","max-image-preview":"max-image-preview:large","max-video-preview":"max-video-preview:-1"},"canonical":"https:\/\/topfiber.fi\/nb\/produkt\/topfiber-hiustuuhenteen-lukituskiinne\/","og_locale":"nb_NO","og_type":"article","og_title":"TopFiber hiustuuhenteen lukituskiinne - TopFiber","og_description":"TopFiber hiustuuhenteen lukituskiinne non-aerosoli 150 ml. Varmista nopeasti kuivuvalla lukituskiinteell\u00e4, ett\u00e4 TopFiber-hiustuuhenne pysyy paikallaan! Valmistetaan Suomessa.","og_url":"https:\/\/topfiber.fi\/nb\/produkt\/topfiber-hiustuuhenteen-lukituskiinne\/","og_site_name":"TopFiber","article_modified_time":"2025-04-08T15:06:57+00:00","og_image":[{"width":2560,"height":2560,"url":"https:\/\/topfiber.fi\/wp-content\/uploads\/2020\/12\/kiinnespray-scaled.jpg","type":"image\/jpeg"}],"twitter_card":"summary_large_image","schema":{"@context":"https:\/\/schema.org","@graph":[{"@type":"WebPage","@id":"https:\/\/topfiber.fi\/tuote\/topfiber-hiustuuhenteen-lukituskiinne\/","url":"https:\/\/topfiber.fi\/tuote\/topfiber-hiustuuhenteen-lukituskiinne\/","name":"TopFiber hiustuuhenteen lukituskiinne - TopFiber","isPartOf":{"@id":"https:\/\/topfiber.fi\/nb\/#website"},"primaryImageOfPage":{"@id":"https:\/\/topfiber.fi\/tuote\/topfiber-hiustuuhenteen-lukituskiinne\/#primaryimage"},"image":{"@id":"https:\/\/topfiber.fi\/tuote\/topfiber-hiustuuhenteen-lukituskiinne\/#primaryimage"},"thumbnailUrl":"https:\/\/topfiber.fi\/wp-content\/uploads\/2020\/12\/kiinnespray-scaled.jpg","datePublished":"2020-12-15T00:20:27+00:00","dateModified":"2025-04-08T15:06:57+00:00","breadcrumb":{"@id":"https:\/\/topfiber.fi\/tuote\/topfiber-hiustuuhenteen-lukituskiinne\/#breadcrumb"},"inLanguage":"nb-NO","potentialAction":[{"@type":"ReadAction","target":["https:\/\/topfiber.fi\/tuote\/topfiber-hiustuuhenteen-lukituskiinne\/"]}]},{"@type":"ImageObject","inLanguage":"nb-NO","@id":"https:\/\/topfiber.fi\/tuote\/topfiber-hiustuuhenteen-lukituskiinne\/#primaryimage","url":"https:\/\/topfiber.fi\/wp-content\/uploads\/2020\/12\/kiinnespray-scaled.jpg","contentUrl":"https:\/\/topfiber.fi\/wp-content\/uploads\/2020\/12\/kiinnespray-scaled.jpg","width":2560,"height":2560},{"@type":"BreadcrumbList","@id":"https:\/\/topfiber.fi\/tuote\/topfiber-hiustuuhenteen-lukituskiinne\/#breadcrumb","itemListElement":[{"@type":"ListItem","position":1,"name":"Etusivu","item":"https:\/\/topfiber.fi\/"},{"@type":"ListItem","position":2,"name":"Shop","item":"https:\/\/topfiber.fi\/nb\/shop\/"},{"@type":"ListItem","position":3,"name":"TopFiber hiustuuhenteen lukituskiinne"}]},{"@type":"WebSite","@id":"https:\/\/topfiber.fi\/nb\/#website","url":"https:\/\/topfiber.fi\/nb\/","name":"TopFiber","description":"Hiustuotannon edell\u00e4k\u00e4vij\u00e4n\u00e4 Suomessa.","potentialAction":[{"@type":"SearchAction","target":{"@type":"EntryPoint","urlTemplate":"https:\/\/topfiber.fi\/nb\/?s={search_term_string}"},"query-input":{"@type":"PropertyValueSpecification","valueRequired":true,"valueName":"search_term_string"}}],"inLanguage":"nb-NO"}]}},"jetpack_sharing_enabled":true,"_links":{"self":[{"href":"https:\/\/topfiber.fi\/nb\/wp-json\/wp\/v2\/product\/275","targetHints":{"allow":["GET"]}}],"collection":[{"href":"https:\/\/topfiber.fi\/nb\/wp-json\/wp\/v2\/product"}],"about":[{"href":"https:\/\/topfiber.fi\/nb\/wp-json\/wp\/v2\/types\/product"}],"wp:featuredmedia":[{"embeddable":true,"href":"https:\/\/topfiber.fi\/nb\/wp-json\/wp\/v2\/media\/1265"}],"wp:attachment":[{"href":"https:\/\/topfiber.fi\/nb\/wp-json\/wp\/v2\/media?parent=275"}],"wp:term":[{"taxonomy":"product_brand","embeddable":true,"href":"https:\/\/topfiber.fi\/nb\/wp-json\/wp\/v2\/product_brand?post=275"},{"taxonomy":"product_cat","embeddable":true,"href":"https:\/\/topfiber.fi\/nb\/wp-json\/wp\/v2\/product_cat?post=275"},{"taxonomy":"product_tag","embeddable":true,"href":"https:\/\/topfiber.fi\/nb\/wp-json\/wp\/v2\/product_tag?post=275"}],"curies":[{"name":"wp","href":"https:\/\/api.w.org\/{rel}","templated":true}]}}