{"id":277,"date":"2020-12-15T00:22:13","date_gmt":"2020-12-15T00:22:13","guid":{"rendered":"https:\/\/topfiber.fi\/?post_type=product&#038;p=277"},"modified":"2026-01-08T17:05:31","modified_gmt":"2026-01-08T15:05:31","slug":"topfiber-starttipakkaus","status":"publish","type":"product","link":"https:\/\/topfiber.fi\/en\/product\/topfiber-starttipakkaus\/","title":{"rendered":"TopFiber start set"},"content":{"rendered":"<div id=\"ProductDescription\">\n<h3><span style=\"font-size: 90%;\"><strong>Starttipakkaus sis\u00e4lt\u00e4\u00e4:<\/strong><\/span><\/h3>\n<ul>\n<li>- Hair Building Fiber Regular 15g, in color of choice<br \/>\n<span style=\"color: #555555; font-size: 14.4px;\">Tuotteen idea perustuu ihmisess\u00e4 olevaan s\u00e4hk\u00f6varaukseen, jonka ansiosta tuuhenne pysyy hiuksissa ja p\u00e4\u00e4nahassa paikoillaan. Useita eriv\u00e4rej\u00e4. Noin kuukauden tarpeeseen.<br \/>\n<\/span><span style=\"color: #555555; font-size: 14.4px;\">It is recommended to use in combination with TopFiber Hair Spray for best results.<br \/>\n<\/span><\/li>\n<li>TopFiber Hair Spray lukistuskiinne, joka varmistaa hiustuuhenteen pysymisen paikallaan<br \/>\nTopFiber hiustuuhenteen lukituskiinne non-aerosoli. Varmista nopeasti kuivuvalla lukituskiinteell\u00e4, ett\u00e4 TopFiber-hiustuuhenne pysyy paikallaan! Valmistetaan Suomessa.<\/li>\n<li>-  Patented Electronic hair fiber applicator with charger<br \/>\nElektronisella TopFiber hiustuuhennesumuttimella tuuhentaminen k\u00e4y k\u00e4tev\u00e4sti. Hiustuuhennepurkin asettaminen sumuttimeen on helppoa. Samoin nopeuden ja voimakkuuden s\u00e4\u00e4t\u00f6. Sumuttimessa on kolme eri nopeutta, hitain nopeus on tarkoitettu otsatuuhennukseen. Laite saadaan p\u00e4\u00e4lle ja pois p\u00e4\u00e4lt\u00e4 painamalla ensin + n\u00e4pp\u00e4int\u00e4 pohjaan ja sitten &#8211; n\u00e4pp\u00e4int\u00e4. Ladattava litium-akku. Ergonominen muotoilu. 12kk takuu!<\/li>\n<\/ul>\n<p>This set will be shipped without shipping costs! (Save \u20ac 11)<\/p>\n<\/div>\n<div id=\"ProductInformation\"><\/div>\n<p class=\"ButtonRow\">","protected":false},"excerpt":{"rendered":"<div id=\"ProductDescription\">\n<h3><span style=\"font-size: 90%;\"><strong>The set includes:<\/strong><\/span><\/h3>\n<ul>\n<li>- Hair Building Fiber Regular 15g, in color of choice<\/li>\n<li>- Hair fiberhold spray<\/li>\n<li>TopFiber elektroninen hiustuuhenne sumutin, jonka avulla saat lis\u00e4tty\u00e4 hiustuuhenteen helposti ja siististi paikoilleen.<\/li>\n<li>Sumuttimen latausjohto<\/li>\n<li>Valitse\u00a08:sta eri v\u00e4rivaihtoehdosta.<\/li>\n<\/ul>\n<p>This set will be shipped without shipping costs! (Save \u20ac 11)<\/p>\n<\/div>\n<div id=\"ProductInformation\"><\/div>\n<p class=\"ButtonRow\">","protected":false},"featured_media":308,"template":"","meta":[],"product_brand":[],"product_cat":[54],"product_tag":[],"class_list":{"0":"post-277","1":"product","2":"type-product","3":"status-publish","4":"has-post-thumbnail","6":"product_cat-starttipakkaus","8":"first","9":"instock","10":"taxable","11":"shipping-taxable","12":"purchasable","13":"product-type-variable","14":"berocket_lgv_grid","15":"berocket_lgv_list_grid"},"yoast_head":"<!-- This site is optimized with the Yoast SEO plugin v27.4 - https:\/\/yoast.com\/product\/yoast-seo-wordpress\/ -->\n<title>TopFiber starttipakkaus - TopFiber<\/title>\n<meta name=\"robots\" content=\"index, follow, max-snippet:-1, max-image-preview:large, max-video-preview:-1\" \/>\n<link rel=\"canonical\" href=\"https:\/\/topfiber.fi\/en\/product\/topfiber-starttipakkaus\/\" \/>\n<meta property=\"og:locale\" content=\"en_GB\" \/>\n<meta property=\"og:type\" content=\"article\" \/>\n<meta property=\"og:title\" content=\"TopFiber starttipakkaus - TopFiber\" \/>\n<meta property=\"og:description\" content=\"T\u00e4ll\u00e4 p\u00e4\u00e4set alkuun! Setti sis\u00e4lt\u00e4\u00e4:   TopFiber-hiustuuhenne regular 15 g (valitse v\u00e4ri)  TopFiber Hair Spray hiuskiinne, joka varmistaa hiustuuhenteen pysymisen paikallaan  TopFiber elektroninen hiustuuhenne sumutin, jonka avulla saat lis\u00e4tty\u00e4 hiustuuhenteen helposti ja siististi paikoilleen.  Sumuttimen latausjohto  Valitse\u00a08:sta eri v\u00e4rivaihtoehdosta.  T\u00e4m\u00e4 setti l\u00e4hetet\u00e4\u00e4n ilman l\u00e4hetyskuluja! (S\u00e4\u00e4st\u00e4 11 \u20ac)\" \/>\n<meta property=\"og:url\" content=\"https:\/\/topfiber.fi\/en\/product\/topfiber-starttipakkaus\/\" \/>\n<meta property=\"og:site_name\" content=\"TopFiber\" \/>\n<meta property=\"article:modified_time\" content=\"2026-01-08T15:05:31+00:00\" \/>\n<meta property=\"og:image\" content=\"https:\/\/topfiber.fi\/wp-content\/uploads\/2020\/12\/Na\u0308ytto\u0308kuva-2020-12-15-kello-3.04.14.png\" \/>\n\t<meta property=\"og:image:width\" content=\"1938\" \/>\n\t<meta property=\"og:image:height\" content=\"1290\" \/>\n\t<meta property=\"og:image:type\" content=\"image\/png\" \/>\n<meta name=\"twitter:card\" content=\"summary_large_image\" \/>\n<meta name=\"twitter:label1\" content=\"Estimated reading time\" \/>\n\t<meta name=\"twitter:data1\" content=\"1 minute\" \/>\n<script type=\"application\/ld+json\" class=\"yoast-schema-graph\">{\"@context\":\"https:\\\/\\\/schema.org\",\"@graph\":[{\"@type\":\"WebPage\",\"@id\":\"https:\\\/\\\/topfiber.fi\\\/tuote\\\/topfiber-starttipakkaus\\\/\",\"url\":\"https:\\\/\\\/topfiber.fi\\\/tuote\\\/topfiber-starttipakkaus\\\/\",\"name\":\"TopFiber starttipakkaus - TopFiber\",\"isPartOf\":{\"@id\":\"https:\\\/\\\/topfiber.fi\\\/nb\\\/#website\"},\"primaryImageOfPage\":{\"@id\":\"https:\\\/\\\/topfiber.fi\\\/tuote\\\/topfiber-starttipakkaus\\\/#primaryimage\"},\"image\":{\"@id\":\"https:\\\/\\\/topfiber.fi\\\/tuote\\\/topfiber-starttipakkaus\\\/#primaryimage\"},\"thumbnailUrl\":\"https:\\\/\\\/topfiber.fi\\\/wp-content\\\/uploads\\\/2020\\\/12\\\/Na\u0308ytto\u0308kuva-2020-12-15-kello-3.04.14.png\",\"datePublished\":\"2020-12-15T00:22:13+00:00\",\"dateModified\":\"2026-01-08T15:05:31+00:00\",\"breadcrumb\":{\"@id\":\"https:\\\/\\\/topfiber.fi\\\/tuote\\\/topfiber-starttipakkaus\\\/#breadcrumb\"},\"inLanguage\":\"en-GB\",\"potentialAction\":[{\"@type\":\"ReadAction\",\"target\":[\"https:\\\/\\\/topfiber.fi\\\/tuote\\\/topfiber-starttipakkaus\\\/\"]}]},{\"@type\":\"ImageObject\",\"inLanguage\":\"en-GB\",\"@id\":\"https:\\\/\\\/topfiber.fi\\\/tuote\\\/topfiber-starttipakkaus\\\/#primaryimage\",\"url\":\"https:\\\/\\\/topfiber.fi\\\/wp-content\\\/uploads\\\/2020\\\/12\\\/Na\u0308ytto\u0308kuva-2020-12-15-kello-3.04.14.png\",\"contentUrl\":\"https:\\\/\\\/topfiber.fi\\\/wp-content\\\/uploads\\\/2020\\\/12\\\/Na\u0308ytto\u0308kuva-2020-12-15-kello-3.04.14.png\",\"width\":1938,\"height\":1290},{\"@type\":\"BreadcrumbList\",\"@id\":\"https:\\\/\\\/topfiber.fi\\\/tuote\\\/topfiber-starttipakkaus\\\/#breadcrumb\",\"itemListElement\":[{\"@type\":\"ListItem\",\"position\":1,\"name\":\"Etusivu\",\"item\":\"https:\\\/\\\/topfiber.fi\\\/\"},{\"@type\":\"ListItem\",\"position\":2,\"name\":\"Shop\",\"item\":\"https:\\\/\\\/topfiber.fi\\\/nb\\\/shop\\\/\"},{\"@type\":\"ListItem\",\"position\":3,\"name\":\"TopFiber starttipakkaus\"}]},{\"@type\":\"WebSite\",\"@id\":\"https:\\\/\\\/topfiber.fi\\\/nb\\\/#website\",\"url\":\"https:\\\/\\\/topfiber.fi\\\/nb\\\/\",\"name\":\"TopFiber\",\"description\":\"Hiustuotannon edell\u00e4k\u00e4vij\u00e4n\u00e4 Suomessa.\",\"potentialAction\":[{\"@type\":\"SearchAction\",\"target\":{\"@type\":\"EntryPoint\",\"urlTemplate\":\"https:\\\/\\\/topfiber.fi\\\/nb\\\/?s={search_term_string}\"},\"query-input\":{\"@type\":\"PropertyValueSpecification\",\"valueRequired\":true,\"valueName\":\"search_term_string\"}}],\"inLanguage\":\"en-GB\"}]}<\/script>\n<!-- \/ Yoast SEO plugin. -->","yoast_head_json":{"title":"TopFiber starttipakkaus - TopFiber","robots":{"index":"index","follow":"follow","max-snippet":"max-snippet:-1","max-image-preview":"max-image-preview:large","max-video-preview":"max-video-preview:-1"},"canonical":"https:\/\/topfiber.fi\/en\/product\/topfiber-starttipakkaus\/","og_locale":"en_GB","og_type":"article","og_title":"TopFiber starttipakkaus - TopFiber","og_description":"T\u00e4ll\u00e4 p\u00e4\u00e4set alkuun! Setti sis\u00e4lt\u00e4\u00e4:   TopFiber-hiustuuhenne regular 15 g (valitse v\u00e4ri)  TopFiber Hair Spray hiuskiinne, joka varmistaa hiustuuhenteen pysymisen paikallaan  TopFiber elektroninen hiustuuhenne sumutin, jonka avulla saat lis\u00e4tty\u00e4 hiustuuhenteen helposti ja siististi paikoilleen.  Sumuttimen latausjohto  Valitse\u00a08:sta eri v\u00e4rivaihtoehdosta.  T\u00e4m\u00e4 setti l\u00e4hetet\u00e4\u00e4n ilman l\u00e4hetyskuluja! (S\u00e4\u00e4st\u00e4 11 \u20ac)","og_url":"https:\/\/topfiber.fi\/en\/product\/topfiber-starttipakkaus\/","og_site_name":"TopFiber","article_modified_time":"2026-01-08T15:05:31+00:00","og_image":[{"width":1938,"height":1290,"url":"https:\/\/topfiber.fi\/wp-content\/uploads\/2020\/12\/Na\u0308ytto\u0308kuva-2020-12-15-kello-3.04.14.png","type":"image\/png"}],"twitter_card":"summary_large_image","twitter_misc":{"Estimated reading time":"1 minute"},"schema":{"@context":"https:\/\/schema.org","@graph":[{"@type":"WebPage","@id":"https:\/\/topfiber.fi\/tuote\/topfiber-starttipakkaus\/","url":"https:\/\/topfiber.fi\/tuote\/topfiber-starttipakkaus\/","name":"TopFiber starttipakkaus - TopFiber","isPartOf":{"@id":"https:\/\/topfiber.fi\/nb\/#website"},"primaryImageOfPage":{"@id":"https:\/\/topfiber.fi\/tuote\/topfiber-starttipakkaus\/#primaryimage"},"image":{"@id":"https:\/\/topfiber.fi\/tuote\/topfiber-starttipakkaus\/#primaryimage"},"thumbnailUrl":"https:\/\/topfiber.fi\/wp-content\/uploads\/2020\/12\/Na\u0308ytto\u0308kuva-2020-12-15-kello-3.04.14.png","datePublished":"2020-12-15T00:22:13+00:00","dateModified":"2026-01-08T15:05:31+00:00","breadcrumb":{"@id":"https:\/\/topfiber.fi\/tuote\/topfiber-starttipakkaus\/#breadcrumb"},"inLanguage":"en-GB","potentialAction":[{"@type":"ReadAction","target":["https:\/\/topfiber.fi\/tuote\/topfiber-starttipakkaus\/"]}]},{"@type":"ImageObject","inLanguage":"en-GB","@id":"https:\/\/topfiber.fi\/tuote\/topfiber-starttipakkaus\/#primaryimage","url":"https:\/\/topfiber.fi\/wp-content\/uploads\/2020\/12\/Na\u0308ytto\u0308kuva-2020-12-15-kello-3.04.14.png","contentUrl":"https:\/\/topfiber.fi\/wp-content\/uploads\/2020\/12\/Na\u0308ytto\u0308kuva-2020-12-15-kello-3.04.14.png","width":1938,"height":1290},{"@type":"BreadcrumbList","@id":"https:\/\/topfiber.fi\/tuote\/topfiber-starttipakkaus\/#breadcrumb","itemListElement":[{"@type":"ListItem","position":1,"name":"Etusivu","item":"https:\/\/topfiber.fi\/"},{"@type":"ListItem","position":2,"name":"Shop","item":"https:\/\/topfiber.fi\/nb\/shop\/"},{"@type":"ListItem","position":3,"name":"TopFiber starttipakkaus"}]},{"@type":"WebSite","@id":"https:\/\/topfiber.fi\/nb\/#website","url":"https:\/\/topfiber.fi\/nb\/","name":"TopFiber","description":"Hiustuotannon edell\u00e4k\u00e4vij\u00e4n\u00e4 Suomessa.","potentialAction":[{"@type":"SearchAction","target":{"@type":"EntryPoint","urlTemplate":"https:\/\/topfiber.fi\/nb\/?s={search_term_string}"},"query-input":{"@type":"PropertyValueSpecification","valueRequired":true,"valueName":"search_term_string"}}],"inLanguage":"en-GB"}]}},"jetpack_sharing_enabled":true,"_links":{"self":[{"href":"https:\/\/topfiber.fi\/en\/wp-json\/wp\/v2\/product\/277","targetHints":{"allow":["GET"]}}],"collection":[{"href":"https:\/\/topfiber.fi\/en\/wp-json\/wp\/v2\/product"}],"about":[{"href":"https:\/\/topfiber.fi\/en\/wp-json\/wp\/v2\/types\/product"}],"wp:featuredmedia":[{"embeddable":true,"href":"https:\/\/topfiber.fi\/en\/wp-json\/wp\/v2\/media\/308"}],"wp:attachment":[{"href":"https:\/\/topfiber.fi\/en\/wp-json\/wp\/v2\/media?parent=277"}],"wp:term":[{"taxonomy":"product_brand","embeddable":true,"href":"https:\/\/topfiber.fi\/en\/wp-json\/wp\/v2\/product_brand?post=277"},{"taxonomy":"product_cat","embeddable":true,"href":"https:\/\/topfiber.fi\/en\/wp-json\/wp\/v2\/product_cat?post=277"},{"taxonomy":"product_tag","embeddable":true,"href":"https:\/\/topfiber.fi\/en\/wp-json\/wp\/v2\/product_tag?post=277"}],"curies":[{"name":"wp","href":"https:\/\/api.w.org\/{rel}","templated":true}]}}