{"id":152,"date":"2021-01-11T19:28:03","date_gmt":"2021-01-11T19:28:03","guid":{"rendered":"https:\/\/topfiber.fi\/?post_type=product&#038;p=152"},"modified":"2025-04-09T09:31:56","modified_gmt":"2025-04-09T06:31:56","slug":"topfiber-large-28-g-hiustuuhenne","status":"publish","type":"product","link":"https:\/\/topfiber.fi\/en\/product\/topfiber-large-28-g-hiustuuhenne\/","title":{"rendered":"TopFiber large 28g hair building fiber"},"content":{"rendered":"","protected":false},"excerpt":{"rendered":"<p>TopFiber hair building fiber is available in eight tones - the darker the tone, the better the coverage. Large 28g size last approximately 60 days. This quality product is easy to use.<\/p>\n<p>It is recommended to use in combination with TopFiber Hair Spray for best results.<\/p>\n<p>You will also need a fiberhold spray for hair hold: <a href=\"https:\/\/topfiber.fi\/en\/product\/topfiber-hiustuuhenteen-lukituskiinne\/\">Check out a fiberhold spray from here<\/a><\/p>","protected":false},"featured_media":1276,"template":"","meta":[],"product_brand":[],"product_cat":[28],"product_tag":[],"class_list":{"0":"post-152","1":"product","2":"type-product","3":"status-publish","4":"has-post-thumbnail","6":"product_cat-hiustuuhenne","8":"first","9":"instock","10":"taxable","11":"shipping-taxable","12":"purchasable","13":"product-type-variable","14":"berocket_lgv_grid","15":"berocket_lgv_list_grid"},"yoast_head":"<!-- This site is optimized with the Yoast SEO plugin v27.4 - https:\/\/yoast.com\/product\/yoast-seo-wordpress\/ -->\n<title>TopFiber Large 28 g hiustuuhenne - TopFiber<\/title>\n<meta name=\"robots\" content=\"index, follow, max-snippet:-1, max-image-preview:large, max-video-preview:-1\" \/>\n<link rel=\"canonical\" href=\"https:\/\/topfiber.fi\/en\/product\/topfiber-large-28-g-hiustuuhenne\/\" \/>\n<meta property=\"og:locale\" content=\"en_GB\" \/>\n<meta property=\"og:type\" content=\"article\" \/>\n<meta property=\"og:title\" content=\"TopFiber Large 28 g hiustuuhenne - TopFiber\" \/>\n<meta property=\"og:description\" content=\"TopFiber Large 28 g on hiustuuhenne. Tuotteen idea perustuu ihmisess\u00e4 olevaan s\u00e4hk\u00f6varaukseen, jonka ansiosta tuuhenne pysyy hiuksissa ja p\u00e4\u00e4nahassa paikoillaan. Useita eriv\u00e4rej\u00e4. Noin 75 k\u00e4ytt\u00f6kertaa.  Suositellaan k\u00e4ytett\u00e4v\u00e4n yhdess\u00e4 TopFiber hiustuuhenne sumuttimen kanssa parhaan lopputuloksen saamiseksi.  Tarvitset my\u00f6s lukituskiinteen tuuhenteelle: Katso lukituskiinne\" \/>\n<meta property=\"og:url\" content=\"https:\/\/topfiber.fi\/en\/product\/topfiber-large-28-g-hiustuuhenne\/\" \/>\n<meta property=\"og:site_name\" content=\"TopFiber\" \/>\n<meta property=\"article:modified_time\" content=\"2025-04-09T06:31:56+00:00\" \/>\n<meta property=\"og:image\" content=\"https:\/\/topfiber.fi\/wp-content\/uploads\/2021\/01\/musta-28g-scaled.jpg\" \/>\n\t<meta property=\"og:image:width\" content=\"2560\" \/>\n\t<meta property=\"og:image:height\" content=\"2560\" \/>\n\t<meta property=\"og:image:type\" content=\"image\/jpeg\" \/>\n<meta name=\"twitter:card\" content=\"summary_large_image\" \/>\n<script type=\"application\/ld+json\" class=\"yoast-schema-graph\">{\"@context\":\"https:\\\/\\\/schema.org\",\"@graph\":[{\"@type\":\"WebPage\",\"@id\":\"https:\\\/\\\/topfiber.fi\\\/tuote\\\/topfiber-large-28-g-hiustuuhenne\\\/\",\"url\":\"https:\\\/\\\/topfiber.fi\\\/tuote\\\/topfiber-large-28-g-hiustuuhenne\\\/\",\"name\":\"TopFiber Large 28 g hiustuuhenne - TopFiber\",\"isPartOf\":{\"@id\":\"https:\\\/\\\/topfiber.fi\\\/nb\\\/#website\"},\"primaryImageOfPage\":{\"@id\":\"https:\\\/\\\/topfiber.fi\\\/tuote\\\/topfiber-large-28-g-hiustuuhenne\\\/#primaryimage\"},\"image\":{\"@id\":\"https:\\\/\\\/topfiber.fi\\\/tuote\\\/topfiber-large-28-g-hiustuuhenne\\\/#primaryimage\"},\"thumbnailUrl\":\"https:\\\/\\\/topfiber.fi\\\/wp-content\\\/uploads\\\/2021\\\/01\\\/musta-28g-scaled.jpg\",\"datePublished\":\"2021-01-11T19:28:03+00:00\",\"dateModified\":\"2025-04-09T06:31:56+00:00\",\"breadcrumb\":{\"@id\":\"https:\\\/\\\/topfiber.fi\\\/tuote\\\/topfiber-large-28-g-hiustuuhenne\\\/#breadcrumb\"},\"inLanguage\":\"en-GB\",\"potentialAction\":[{\"@type\":\"ReadAction\",\"target\":[\"https:\\\/\\\/topfiber.fi\\\/tuote\\\/topfiber-large-28-g-hiustuuhenne\\\/\"]}]},{\"@type\":\"ImageObject\",\"inLanguage\":\"en-GB\",\"@id\":\"https:\\\/\\\/topfiber.fi\\\/tuote\\\/topfiber-large-28-g-hiustuuhenne\\\/#primaryimage\",\"url\":\"https:\\\/\\\/topfiber.fi\\\/wp-content\\\/uploads\\\/2021\\\/01\\\/musta-28g-scaled.jpg\",\"contentUrl\":\"https:\\\/\\\/topfiber.fi\\\/wp-content\\\/uploads\\\/2021\\\/01\\\/musta-28g-scaled.jpg\",\"width\":2560,\"height\":2560},{\"@type\":\"BreadcrumbList\",\"@id\":\"https:\\\/\\\/topfiber.fi\\\/tuote\\\/topfiber-large-28-g-hiustuuhenne\\\/#breadcrumb\",\"itemListElement\":[{\"@type\":\"ListItem\",\"position\":1,\"name\":\"Etusivu\",\"item\":\"https:\\\/\\\/topfiber.fi\\\/\"},{\"@type\":\"ListItem\",\"position\":2,\"name\":\"Shop\",\"item\":\"https:\\\/\\\/topfiber.fi\\\/nb\\\/shop\\\/\"},{\"@type\":\"ListItem\",\"position\":3,\"name\":\"TopFiber Large 28 g hiustuuhenne\"}]},{\"@type\":\"WebSite\",\"@id\":\"https:\\\/\\\/topfiber.fi\\\/nb\\\/#website\",\"url\":\"https:\\\/\\\/topfiber.fi\\\/nb\\\/\",\"name\":\"TopFiber\",\"description\":\"Hiustuotannon edell\u00e4k\u00e4vij\u00e4n\u00e4 Suomessa.\",\"potentialAction\":[{\"@type\":\"SearchAction\",\"target\":{\"@type\":\"EntryPoint\",\"urlTemplate\":\"https:\\\/\\\/topfiber.fi\\\/nb\\\/?s={search_term_string}\"},\"query-input\":{\"@type\":\"PropertyValueSpecification\",\"valueRequired\":true,\"valueName\":\"search_term_string\"}}],\"inLanguage\":\"en-GB\"}]}<\/script>\n<!-- \/ Yoast SEO plugin. -->","yoast_head_json":{"title":"TopFiber Large 28 g hiustuuhenne - TopFiber","robots":{"index":"index","follow":"follow","max-snippet":"max-snippet:-1","max-image-preview":"max-image-preview:large","max-video-preview":"max-video-preview:-1"},"canonical":"https:\/\/topfiber.fi\/en\/product\/topfiber-large-28-g-hiustuuhenne\/","og_locale":"en_GB","og_type":"article","og_title":"TopFiber Large 28 g hiustuuhenne - TopFiber","og_description":"TopFiber Large 28 g on hiustuuhenne. Tuotteen idea perustuu ihmisess\u00e4 olevaan s\u00e4hk\u00f6varaukseen, jonka ansiosta tuuhenne pysyy hiuksissa ja p\u00e4\u00e4nahassa paikoillaan. Useita eriv\u00e4rej\u00e4. Noin 75 k\u00e4ytt\u00f6kertaa.  Suositellaan k\u00e4ytett\u00e4v\u00e4n yhdess\u00e4 TopFiber hiustuuhenne sumuttimen kanssa parhaan lopputuloksen saamiseksi.  Tarvitset my\u00f6s lukituskiinteen tuuhenteelle: Katso lukituskiinne","og_url":"https:\/\/topfiber.fi\/en\/product\/topfiber-large-28-g-hiustuuhenne\/","og_site_name":"TopFiber","article_modified_time":"2025-04-09T06:31:56+00:00","og_image":[{"width":2560,"height":2560,"url":"https:\/\/topfiber.fi\/wp-content\/uploads\/2021\/01\/musta-28g-scaled.jpg","type":"image\/jpeg"}],"twitter_card":"summary_large_image","schema":{"@context":"https:\/\/schema.org","@graph":[{"@type":"WebPage","@id":"https:\/\/topfiber.fi\/tuote\/topfiber-large-28-g-hiustuuhenne\/","url":"https:\/\/topfiber.fi\/tuote\/topfiber-large-28-g-hiustuuhenne\/","name":"TopFiber Large 28 g hiustuuhenne - TopFiber","isPartOf":{"@id":"https:\/\/topfiber.fi\/nb\/#website"},"primaryImageOfPage":{"@id":"https:\/\/topfiber.fi\/tuote\/topfiber-large-28-g-hiustuuhenne\/#primaryimage"},"image":{"@id":"https:\/\/topfiber.fi\/tuote\/topfiber-large-28-g-hiustuuhenne\/#primaryimage"},"thumbnailUrl":"https:\/\/topfiber.fi\/wp-content\/uploads\/2021\/01\/musta-28g-scaled.jpg","datePublished":"2021-01-11T19:28:03+00:00","dateModified":"2025-04-09T06:31:56+00:00","breadcrumb":{"@id":"https:\/\/topfiber.fi\/tuote\/topfiber-large-28-g-hiustuuhenne\/#breadcrumb"},"inLanguage":"en-GB","potentialAction":[{"@type":"ReadAction","target":["https:\/\/topfiber.fi\/tuote\/topfiber-large-28-g-hiustuuhenne\/"]}]},{"@type":"ImageObject","inLanguage":"en-GB","@id":"https:\/\/topfiber.fi\/tuote\/topfiber-large-28-g-hiustuuhenne\/#primaryimage","url":"https:\/\/topfiber.fi\/wp-content\/uploads\/2021\/01\/musta-28g-scaled.jpg","contentUrl":"https:\/\/topfiber.fi\/wp-content\/uploads\/2021\/01\/musta-28g-scaled.jpg","width":2560,"height":2560},{"@type":"BreadcrumbList","@id":"https:\/\/topfiber.fi\/tuote\/topfiber-large-28-g-hiustuuhenne\/#breadcrumb","itemListElement":[{"@type":"ListItem","position":1,"name":"Etusivu","item":"https:\/\/topfiber.fi\/"},{"@type":"ListItem","position":2,"name":"Shop","item":"https:\/\/topfiber.fi\/nb\/shop\/"},{"@type":"ListItem","position":3,"name":"TopFiber Large 28 g hiustuuhenne"}]},{"@type":"WebSite","@id":"https:\/\/topfiber.fi\/nb\/#website","url":"https:\/\/topfiber.fi\/nb\/","name":"TopFiber","description":"Hiustuotannon edell\u00e4k\u00e4vij\u00e4n\u00e4 Suomessa.","potentialAction":[{"@type":"SearchAction","target":{"@type":"EntryPoint","urlTemplate":"https:\/\/topfiber.fi\/nb\/?s={search_term_string}"},"query-input":{"@type":"PropertyValueSpecification","valueRequired":true,"valueName":"search_term_string"}}],"inLanguage":"en-GB"}]}},"jetpack_sharing_enabled":true,"_links":{"self":[{"href":"https:\/\/topfiber.fi\/en\/wp-json\/wp\/v2\/product\/152","targetHints":{"allow":["GET"]}}],"collection":[{"href":"https:\/\/topfiber.fi\/en\/wp-json\/wp\/v2\/product"}],"about":[{"href":"https:\/\/topfiber.fi\/en\/wp-json\/wp\/v2\/types\/product"}],"wp:featuredmedia":[{"embeddable":true,"href":"https:\/\/topfiber.fi\/en\/wp-json\/wp\/v2\/media\/1276"}],"wp:attachment":[{"href":"https:\/\/topfiber.fi\/en\/wp-json\/wp\/v2\/media?parent=152"}],"wp:term":[{"taxonomy":"product_brand","embeddable":true,"href":"https:\/\/topfiber.fi\/en\/wp-json\/wp\/v2\/product_brand?post=152"},{"taxonomy":"product_cat","embeddable":true,"href":"https:\/\/topfiber.fi\/en\/wp-json\/wp\/v2\/product_cat?post=152"},{"taxonomy":"product_tag","embeddable":true,"href":"https:\/\/topfiber.fi\/en\/wp-json\/wp\/v2\/product_tag?post=152"}],"curies":[{"name":"wp","href":"https:\/\/api.w.org\/{rel}","templated":true}]}}