{"id":39,"date":"2020-11-01T14:26:12","date_gmt":"2020-11-01T14:26:12","guid":{"rendered":"https:\/\/topfiber.fi\/?page_id=39"},"modified":"2025-05-14T20:40:17","modified_gmt":"2025-05-14T17:40:17","slug":"yritys","status":"publish","type":"page","link":"https:\/\/topfiber.fi\/en\/yritys\/","title":{"rendered":"OUR STORY"},"content":{"rendered":"<section class=\"section\" id=\"section_349637595\">\n\t\t<div class=\"section-bg fill\" >\n\t\t\t\t\t\t\t\t\t\n\t\t\t\n\n\t\t<\/div>\n\n\t\t\n\n\t\t<div class=\"section-content relative\">\n\t\t\t\n\n<div class=\"row\"  id=\"row-1220580248\">\n\n\n\t<div id=\"col-887187150\" class=\"col small-12 large-12\"  >\n\t\t\t\t<div class=\"col-inner\"  >\n\t\t\t\n\t\t\t\n\n\t<div id=\"text-3094410026\" class=\"text\">\n\t\t\n\n<h1>TopFiber <br \/>Innovation from Finland<\/h1>\n\t\t\n<style>\n#text-3094410026 {\n  font-size: 1.5rem;\n  line-height: 0.75;\n  text-align: center;\n}\n<\/style>\n\t<\/div>\n\t\n\n\t\t<\/div>\n\t\t\t\t\n<style>\n#col-887187150 > .col-inner {\n  padding: 100px 0px 0px 0px;\n}\n@media (min-width:550px) {\n  #col-887187150 > .col-inner {\n    padding: 30px 0px 0px 0px;\n  }\n}\n<\/style>\n\t<\/div>\n\n\t\n\n<\/div>\n\n\t\t<\/div>\n\n\t\t\n<style>\n#section_349637595 {\n  padding-top: 0px;\n  padding-bottom: 0px;\n}\n@media (min-width:550px) {\n  #section_349637595 {\n    padding-top: 30px;\n    padding-bottom: 30px;\n  }\n}\n<\/style>\n\t<\/section>\n\t\n\n\t<section class=\"section\" id=\"section_684604867\">\n\t\t<div class=\"section-bg fill\" >\n\t\t\t\t\t\t\t\t\t\n\t\t\t\n\n\t\t<\/div>\n\n\t\t\n\n\t\t<div class=\"section-content relative\">\n\t\t\t\n\n<div class=\"row\"  id=\"row-400653663\">\n\n\n\t<div id=\"col-936955946\" class=\"col medium-3 small-12 large-3\"  >\n\t\t\t\t<div class=\"col-inner\"  >\n\t\t\t\n\t\t\t\n\n\t<div id=\"text-4076462782\" class=\"text\">\n\t\t\n\n<p>TopFiber on ainutlaatuinen innovaatio Suomesta. Noin joka toinen yli 50-vuotias nainen k\u00e4rsii hiustenl\u00e4hd\u00f6st\u00e4. Miehill\u00e4 hiustenl\u00e4ht\u00f6 alkaa usein jo ennen 30 ik\u00e4vuotta ja suurin osa viisikymppisist\u00e4 miehist\u00e4 k\u00e4rsii kaljuuntumisesta.<\/p>\n<p><span style=\"font-weight: 400;\">TopFiber tarjoaa ratkaisun ohuille ja oheneville hiuksille.<\/span><\/p>\n\t\t\n<style>\n#text-4076462782 {\n  font-size: 0.9rem;\n}\n<\/style>\n\t<\/div>\n\t\n\n\t\t<\/div>\n\t\t\t\t\t<\/div>\n\n\t\n\n\t<div id=\"col-1089140336\" class=\"col medium-6 small-12 large-6\"  >\n\t\t\t\t<div class=\"col-inner text-center\"  >\n\t\t\t\n\t\t\t\n\n\t<div class=\"img has-hover img_border x md-x lg-x y md-y lg-y\" id=\"image_435845700\">\n\t\t\t\t\t\t\t\t<div class=\"img-inner dark\" style=\"margin:0px 0px 0px 0px;\">\n\t\t\t<img loading=\"lazy\" decoding=\"async\" width=\"738\" height=\"738\" src=\"https:\/\/topfiber.fi\/wp-content\/uploads\/2024\/06\/spray-elektro.png\" class=\"attachment-original size-original\" alt=\"\" srcset=\"https:\/\/topfiber.fi\/wp-content\/uploads\/2024\/06\/spray-elektro.png 738w, https:\/\/topfiber.fi\/wp-content\/uploads\/2024\/06\/spray-elektro-300x300.png 300w, https:\/\/topfiber.fi\/wp-content\/uploads\/2024\/06\/spray-elektro-150x150.png 150w, https:\/\/topfiber.fi\/wp-content\/uploads\/2024\/06\/spray-elektro-12x12.png 12w, https:\/\/topfiber.fi\/wp-content\/uploads\/2024\/06\/spray-elektro-510x510.png 510w, https:\/\/topfiber.fi\/wp-content\/uploads\/2024\/06\/spray-elektro-100x100.png 100w\" sizes=\"auto, (max-width: 738px) 100vw, 738px\" \/>\t\t\t\t\t\t\n\t\t\t\t\t<\/div>\n\t\t\t\t\t\t\t\t\n<style>\n#image_435845700 {\n  width: 90%;\n}\n<\/style>\n\t<\/div>\n\t\n\n\t<div id=\"text-2051173336\" class=\"text name_shadow\">\n\t\t\n\n<p><b>Suomalaista tuotekehityst\u00e4!<\/b><\/p>\n\t\t\n<style>\n#text-2051173336 {\n  font-size: 1rem;\n  line-height: 1;\n}\n<\/style>\n\t<\/div>\n\t\n\n\t\t<\/div>\n\t\t\t\t\t<\/div>\n\n\t\n\n\t<div id=\"col-190608761\" class=\"col medium-3 small-12 large-3\"  >\n\t\t\t\t<div class=\"col-inner\"  >\n\t\t\t\n\t\t\t\n\n\t<div id=\"text-1949127541\" class=\"text\">\n\t\t\n\n<p>TopFiber kehitti ensimm\u00e4isen kotimaisen hiustuuhenteen, jota varten kehitettiin oma hairsprayer. Erityist\u00e4 t\u00e4ss\u00e4 patentoidussa tuotteessa on juuri sen teknologia, joka kehitettiin Aalto yliopistossa kahden opiskelijan lopputy\u00f6n\u00e4. Tuotekehitykseen ja testaukseen on k\u00e4ytetty runsaasti voimavaroja ja aikaa. My\u00f6s Tampereen yliopisto on ollut mukana hiuksiin sumutettavan kuidun analysoimisessa. Hiustuuhennetta on saatavilla kahdeksassa eri s\u00e4vyss\u00e4.<\/p>\n\t\t\n<style>\n#text-1949127541 {\n  font-size: 0.9rem;\n}\n<\/style>\n\t<\/div>\n\t\n\n\t\t<\/div>\n\t\t\t\t\n<style>\n#col-190608761 > .col-inner {\n  padding: 0px 0px 0px 0px;\n}\n<\/style>\n\t<\/div>\n\n\t\n\n<\/div>\n\n\t\t<\/div>\n\n\t\t\n<style>\n#section_684604867 {\n  padding-top: 30px;\n  padding-bottom: 30px;\n}\n<\/style>\n\t<\/section>\n\t\n\n\t<section class=\"section\" id=\"section_1469938114\">\n\t\t<div class=\"section-bg fill\" >\n\t\t\t\t\t\t\t\t\t\n\t\t\t\n\n\t\t<\/div>\n\n\t\t\n\n\t\t<div class=\"section-content relative\">\n\t\t\t\n\n\t<div id=\"gap-579193962\" class=\"gap-element clearfix\" style=\"display:block; height:auto;\">\n\t\t\n<style>\n#gap-579193962 {\n  padding-top: 0px;\n}\n@media (min-width:550px) {\n  #gap-579193962 {\n    padding-top: 90px;\n  }\n}\n<\/style>\n\t<\/div>\n\t\n\n\t<div class=\"img has-hover show-for-small x md-x lg-x y md-y lg-y\" id=\"image_1302940458\">\n\t\t\t\t\t\t\t\t<div class=\"img-inner dark\" style=\"margin:0px 0px 70px 0px;\">\n\t\t\t<img loading=\"lazy\" decoding=\"async\" width=\"1096\" height=\"584\" src=\"https:\/\/topfiber.fi\/wp-content\/uploads\/2024\/06\/Group-85.png\" class=\"attachment-original size-original\" alt=\"\" srcset=\"https:\/\/topfiber.fi\/wp-content\/uploads\/2024\/06\/Group-85.png 1096w, https:\/\/topfiber.fi\/wp-content\/uploads\/2024\/06\/Group-85-300x160.png 300w, https:\/\/topfiber.fi\/wp-content\/uploads\/2024\/06\/Group-85-1024x546.png 1024w, https:\/\/topfiber.fi\/wp-content\/uploads\/2024\/06\/Group-85-768x409.png 768w, https:\/\/topfiber.fi\/wp-content\/uploads\/2024\/06\/Group-85-18x10.png 18w, https:\/\/topfiber.fi\/wp-content\/uploads\/2024\/06\/Group-85-510x272.png 510w\" sizes=\"auto, (max-width: 1096px) 100vw, 1096px\" \/>\t\t\t\t\t\t\n\t\t\t\t\t<\/div>\n\t\t\t\t\t\t\t\t\n<style>\n#image_1302940458 {\n  width: 100%;\n}\n<\/style>\n\t<\/div>\n\t\n\n<div class=\"row row-full-width align-middle align-center\"  id=\"row-407055793\">\n\n\n\t<div id=\"col-329929428\" class=\"col medium-9 small-12 large-6\"  >\n\t\t\t\t<div class=\"col-inner text-left\"  >\n\t\t\t\n\t\t\t\n\n\t<div id=\"text-2553397155\" class=\"text\">\n\t\t\n\n<p style=\"font-weight:400;\">TOPFIBER HAIR FIBER SPRAY<\/p>\n\t\t\n<style>\n#text-2553397155 {\n  font-size: 0.9rem;\n  line-height: 0.75;\n}\n<\/style>\n\t<\/div>\n\t\n\t<div id=\"text-1358781285\" class=\"text\">\n\t\t\n\n<h2>Luonnollisen n\u00e4k\u00f6iset hiukset<\/h2>\n\t\t\n<style>\n#text-1358781285 {\n  font-size: 1.5rem;\n  line-height: 1;\n}\n<\/style>\n\t<\/div>\n\t\n\t<div id=\"text-290351369\" class=\"text\">\n\t\t\n\n<p>TopFiber \u2013kuituvalmistetta suihkutetaan hiuksiin elektronisen sumuttimen avulla. Laitteessa on pitk\u00e4\u00e4n kest\u00e4v\u00e4 litiumakku.<\/p>\n<p>Sumutin on rakennettu niin, ett\u00e4 kuitu levittyy eritt\u00e4in tasaisesti ja huomaamattomasti hiuksiin. Hiuksista ei huomaa, mihin kohtaan kuitua on sumutettu. Kuituvalmiste on hyv\u00e4laatuista luonnon keratiinikuitua.<\/p>\n<p>Pumpussa on kolme nopeutta, joiden avulla hiuksiin saadaan mm. luonnollinen otsaraja.<\/p>\n<p>Hiuskuitu kiinnittyy hiuksiin tiukasti luonnolisen s\u00e4hk\u00f6varauksen avulla ja lis\u00e4ksi tuotesarjassa on kiinnityssuihke.<\/p>\n\t\t\n<style>\n#text-290351369 {\n  font-size: 0.9rem;\n}\n<\/style>\n\t<\/div>\n\t\n\n\t\t<\/div>\n\t\t\t\t\n<style>\n#col-329929428 > .col-inner {\n  padding: 0px 0px 0px 0px;\n}\n@media (min-width:850px) {\n  #col-329929428 > .col-inner {\n    padding: 0px 0px 0px 16%;\n  }\n}\n<\/style>\n\t<\/div>\n\n\t\n\n\t<div id=\"col-1547575517\" class=\"col hide-for-small medium-9 small-12 large-6\"  >\n\t\t\t\t<div class=\"col-inner\"  >\n\t\t\t\n\t\t\t\n\n\t<div class=\"img has-hover hide-for-small x md-x lg-x y md-y lg-y\" id=\"image_601120276\">\n\t\t\t\t\t\t\t\t<div class=\"img-inner dark\" style=\"margin:-80px 0px 0px 0px;\">\n\t\t\t<img loading=\"lazy\" decoding=\"async\" width=\"1096\" height=\"584\" src=\"https:\/\/topfiber.fi\/wp-content\/uploads\/2024\/06\/Group-85.png\" class=\"attachment-original size-original\" alt=\"\" srcset=\"https:\/\/topfiber.fi\/wp-content\/uploads\/2024\/06\/Group-85.png 1096w, https:\/\/topfiber.fi\/wp-content\/uploads\/2024\/06\/Group-85-300x160.png 300w, https:\/\/topfiber.fi\/wp-content\/uploads\/2024\/06\/Group-85-1024x546.png 1024w, https:\/\/topfiber.fi\/wp-content\/uploads\/2024\/06\/Group-85-768x409.png 768w, https:\/\/topfiber.fi\/wp-content\/uploads\/2024\/06\/Group-85-18x10.png 18w, https:\/\/topfiber.fi\/wp-content\/uploads\/2024\/06\/Group-85-510x272.png 510w\" sizes=\"auto, (max-width: 1096px) 100vw, 1096px\" \/>\t\t\t\t\t\t\n\t\t\t\t\t<\/div>\n\t\t\t\t\t\t\t\t\n<style>\n#image_601120276 {\n  width: 100%;\n}\n<\/style>\n\t<\/div>\n\t\n\n\n\t\t<\/div>\n\t\t\t\t\t<\/div>\n\n\t\n\n<\/div>\n\t<div id=\"gap-193191645\" class=\"gap-element clearfix\" style=\"display:block; height:auto;\">\n\t\t\n<style>\n#gap-193191645 {\n  padding-top: 30px;\n}\n@media (min-width:550px) {\n  #gap-193191645 {\n    padding-top: 90px;\n  }\n}\n<\/style>\n\t<\/div>\n\t\n\n\n\t\t<\/div>\n\n\t\t\n<style>\n#section_1469938114 {\n  padding-top: 0px;\n  padding-bottom: 0px;\n}\n<\/style>\n\t<\/section>","protected":false},"excerpt":{"rendered":"","protected":false},"author":22,"featured_media":0,"parent":0,"menu_order":0,"comment_status":"closed","ping_status":"closed","template":"page-blank.php","meta":{"footnotes":""},"class_list":["post-39","page","type-page","status-publish","hentry"],"yoast_head":"<!-- This site is optimized with the Yoast SEO plugin v27.4 - https:\/\/yoast.com\/product\/yoast-seo-wordpress\/ -->\n<title>YRITYS - TopFiber<\/title>\n<meta name=\"robots\" content=\"index, follow, max-snippet:-1, max-image-preview:large, max-video-preview:-1\" \/>\n<link rel=\"canonical\" href=\"https:\/\/topfiber.fi\/en\/yritys\/\" \/>\n<meta property=\"og:locale\" content=\"en_GB\" \/>\n<meta property=\"og:type\" content=\"article\" \/>\n<meta property=\"og:title\" content=\"YRITYS - TopFiber\" \/>\n<meta property=\"og:url\" content=\"https:\/\/topfiber.fi\/en\/yritys\/\" \/>\n<meta property=\"og:site_name\" content=\"TopFiber\" \/>\n<meta property=\"article:modified_time\" content=\"2025-05-14T17:40:17+00:00\" \/>\n<meta name=\"twitter:card\" content=\"summary_large_image\" \/>\n<meta name=\"twitter:label1\" content=\"Estimated reading time\" \/>\n\t<meta name=\"twitter:data1\" content=\"2 minutes\" \/>\n<script type=\"application\/ld+json\" class=\"yoast-schema-graph\">{\"@context\":\"https:\\\/\\\/schema.org\",\"@graph\":[{\"@type\":\"WebPage\",\"@id\":\"https:\\\/\\\/topfiber.fi\\\/yritys\\\/\",\"url\":\"https:\\\/\\\/topfiber.fi\\\/yritys\\\/\",\"name\":\"YRITYS - TopFiber\",\"isPartOf\":{\"@id\":\"https:\\\/\\\/topfiber.fi\\\/nb\\\/#website\"},\"datePublished\":\"2020-11-01T14:26:12+00:00\",\"dateModified\":\"2025-05-14T17:40:17+00:00\",\"breadcrumb\":{\"@id\":\"https:\\\/\\\/topfiber.fi\\\/yritys\\\/#breadcrumb\"},\"inLanguage\":\"en-GB\",\"potentialAction\":[{\"@type\":\"ReadAction\",\"target\":[\"https:\\\/\\\/topfiber.fi\\\/yritys\\\/\"]}]},{\"@type\":\"BreadcrumbList\",\"@id\":\"https:\\\/\\\/topfiber.fi\\\/yritys\\\/#breadcrumb\",\"itemListElement\":[{\"@type\":\"ListItem\",\"position\":1,\"name\":\"Etusivu\",\"item\":\"https:\\\/\\\/topfiber.fi\\\/\"},{\"@type\":\"ListItem\",\"position\":2,\"name\":\"YRITYS\"}]},{\"@type\":\"WebSite\",\"@id\":\"https:\\\/\\\/topfiber.fi\\\/nb\\\/#website\",\"url\":\"https:\\\/\\\/topfiber.fi\\\/nb\\\/\",\"name\":\"TopFiber\",\"description\":\"Hiustuotannon edell\u00e4k\u00e4vij\u00e4n\u00e4 Suomessa.\",\"potentialAction\":[{\"@type\":\"SearchAction\",\"target\":{\"@type\":\"EntryPoint\",\"urlTemplate\":\"https:\\\/\\\/topfiber.fi\\\/nb\\\/?s={search_term_string}\"},\"query-input\":{\"@type\":\"PropertyValueSpecification\",\"valueRequired\":true,\"valueName\":\"search_term_string\"}}],\"inLanguage\":\"en-GB\"}]}<\/script>\n<!-- \/ Yoast SEO plugin. -->","yoast_head_json":{"title":"YRITYS - TopFiber","robots":{"index":"index","follow":"follow","max-snippet":"max-snippet:-1","max-image-preview":"max-image-preview:large","max-video-preview":"max-video-preview:-1"},"canonical":"https:\/\/topfiber.fi\/en\/yritys\/","og_locale":"en_GB","og_type":"article","og_title":"YRITYS - TopFiber","og_url":"https:\/\/topfiber.fi\/en\/yritys\/","og_site_name":"TopFiber","article_modified_time":"2025-05-14T17:40:17+00:00","twitter_card":"summary_large_image","twitter_misc":{"Estimated reading time":"2 minutes"},"schema":{"@context":"https:\/\/schema.org","@graph":[{"@type":"WebPage","@id":"https:\/\/topfiber.fi\/yritys\/","url":"https:\/\/topfiber.fi\/yritys\/","name":"YRITYS - TopFiber","isPartOf":{"@id":"https:\/\/topfiber.fi\/nb\/#website"},"datePublished":"2020-11-01T14:26:12+00:00","dateModified":"2025-05-14T17:40:17+00:00","breadcrumb":{"@id":"https:\/\/topfiber.fi\/yritys\/#breadcrumb"},"inLanguage":"en-GB","potentialAction":[{"@type":"ReadAction","target":["https:\/\/topfiber.fi\/yritys\/"]}]},{"@type":"BreadcrumbList","@id":"https:\/\/topfiber.fi\/yritys\/#breadcrumb","itemListElement":[{"@type":"ListItem","position":1,"name":"Etusivu","item":"https:\/\/topfiber.fi\/"},{"@type":"ListItem","position":2,"name":"YRITYS"}]},{"@type":"WebSite","@id":"https:\/\/topfiber.fi\/nb\/#website","url":"https:\/\/topfiber.fi\/nb\/","name":"TopFiber","description":"Hiustuotannon edell\u00e4k\u00e4vij\u00e4n\u00e4 Suomessa.","potentialAction":[{"@type":"SearchAction","target":{"@type":"EntryPoint","urlTemplate":"https:\/\/topfiber.fi\/nb\/?s={search_term_string}"},"query-input":{"@type":"PropertyValueSpecification","valueRequired":true,"valueName":"search_term_string"}}],"inLanguage":"en-GB"}]}},"jetpack_sharing_enabled":true,"_links":{"self":[{"href":"https:\/\/topfiber.fi\/en\/wp-json\/wp\/v2\/pages\/39","targetHints":{"allow":["GET"]}}],"collection":[{"href":"https:\/\/topfiber.fi\/en\/wp-json\/wp\/v2\/pages"}],"about":[{"href":"https:\/\/topfiber.fi\/en\/wp-json\/wp\/v2\/types\/page"}],"author":[{"embeddable":true,"href":"https:\/\/topfiber.fi\/en\/wp-json\/wp\/v2\/users\/22"}],"replies":[{"embeddable":true,"href":"https:\/\/topfiber.fi\/en\/wp-json\/wp\/v2\/comments?post=39"}],"version-history":[{"count":56,"href":"https:\/\/topfiber.fi\/en\/wp-json\/wp\/v2\/pages\/39\/revisions"}],"predecessor-version":[{"id":3935,"href":"https:\/\/topfiber.fi\/en\/wp-json\/wp\/v2\/pages\/39\/revisions\/3935"}],"wp:attachment":[{"href":"https:\/\/topfiber.fi\/en\/wp-json\/wp\/v2\/media?parent=39"}],"curies":[{"name":"wp","href":"https:\/\/api.w.org\/{rel}","templated":true}]}}