{"id":389,"date":"2021-01-12T00:29:08","date_gmt":"2021-01-12T00:29:08","guid":{"rendered":"https:\/\/topfiber.fi\/?page_id=389"},"modified":"2021-01-12T00:29:51","modified_gmt":"2021-01-12T00:29:51","slug":"hair-fiber","status":"publish","type":"page","link":"https:\/\/topfiber.fi\/en\/hair-fiber\/","title":{"rendered":"HAIR FIBER"},"content":{"rendered":"<div class=\"banner has-hover\" id=\"banner-605300109\">\n          <div class=\"banner-inner fill\">\n        <div class=\"banner-bg fill\" >\n            <img loading=\"lazy\" decoding=\"async\" width=\"1020\" height=\"319\" src=\"https:\/\/topfiber.fi\/wp-content\/uploads\/2020\/11\/TopFiber-Tausta-1024x320.png\" class=\"bg attachment-large size-large\" alt=\"HIUSTENL\u00c4HT\u00d6\" \/>                                    \n                    <\/div>\n\t\t\n        <div class=\"banner-layers container\">\n            <div class=\"fill banner-link\"><\/div>            \n\n   <div id=\"text-box-460160250\" class=\"text-box banner-layer x50 md-x50 lg-x50 y50 md-y50 lg-y50 res-text\">\n                                <div class=\"text-box-content text dark\">\n              \n              <div class=\"text-inner text-center\">\n                  \n\n<h1 class=\"ContentTitle uppercase\">HAIR FIBER<\/h1>\n\n              <\/div>\n           <\/div>\n                            \n<style>\n#text-box-460160250 {\n  width: 60%;\n}\n#text-box-460160250 .text-box-content {\n  font-size: 100%;\n}\n<\/style>\n    <\/div>\n \n\n        <\/div>\n      <\/div>\n\n            \n<style>\n#banner-605300109 {\n  padding-top: 500px;\n}\n#banner-605300109 .banner-bg img {\n  object-position: 54% 61%;\n}\n<\/style>\n  <\/div>\n\n\n\t<div id=\"gap-1140717642\" class=\"gap-element clearfix\" style=\"display:block; height:auto;\">\n\t\t\n<style>\n#gap-1140717642 {\n  padding-top: 70px;\n}\n<\/style>\n\t<\/div>\n\t\n\n\n\t<section class=\"section\" id=\"section_303852000\">\n\t\t<div class=\"section-bg fill\" >\n\t\t\t\t\t\t\t\t\t\n\t\t\t\n\n\t\t<\/div>\n\n\t\t\n\n\t\t<div class=\"section-content relative\">\n\t\t\t\n\n<div class=\"row row-large align-middle align-center\" style=\"max-width:1400px\" id=\"row-1996669250\">\n\n\n\t<div id=\"col-988638756\" class=\"col medium-9 small-12 large-6\"  >\n\t\t\t\t<div class=\"col-inner\"  >\n\t\t\t\n\t\t\t\n\n<div class=\"slider-wrapper relative\" id=\"slider-763317389\" >\n    <div class=\"slider slider-nav-circle slider-nav-large slider-nav-light slider-style-normal\"\n        data-flickity-options='{            \"cellAlign\": \"center\",            \"imagesLoaded\": true,            \"lazyLoad\": 1,            \"freeScroll\": false,            \"wrapAround\": true,            \"autoPlay\": 2000,            \"pauseAutoPlayOnHover\" : true,            \"prevNextButtons\": true,            \"contain\" : true,            \"adaptiveHeight\" : true,            \"dragThreshold\" : 10,            \"percentPosition\": true,            \"pageDots\": true,            \"rightToLeft\": false,            \"draggable\": true,            \"selectedAttraction\": 0.1,            \"parallax\" : 0,            \"friction\": 0.6        }'\n        >\n        \n\n\n  <div class=\"banner has-hover\" id=\"banner-63673185\">\n          <div class=\"banner-inner fill\">\n        <div class=\"banner-bg fill\" >\n            <img loading=\"lazy\" decoding=\"async\" width=\"945\" height=\"756\" src=\"https:\/\/topfiber.fi\/wp-content\/uploads\/2020\/11\/6_e88c245.png\" class=\"bg attachment-large size-large\" alt=\"\" \/>                                    \n                    <\/div>\n\t\t\n        <div class=\"banner-layers container\">\n            <div class=\"fill banner-link\"><\/div>            \n\n   <div id=\"text-box-335466813\" class=\"text-box banner-layer x50 md-x50 lg-x50 y50 md-y50 lg-y50 res-text\">\n                                <div class=\"text-box-content text dark\">\n              \n              <div class=\"text-inner text-center\">\n                  \n\n\n              <\/div>\n           <\/div>\n                            \n<style>\n#text-box-335466813 {\n  width: 60%;\n}\n#text-box-335466813 .text-box-content {\n  font-size: 100%;\n}\n<\/style>\n    <\/div>\n \n\n        <\/div>\n      <\/div>\n\n            \n<style>\n#banner-63673185 {\n  padding-top: 500px;\n}\n<\/style>\n  <\/div>\n\n\n\n  <div class=\"banner has-hover\" id=\"banner-1847202200\">\n          <div class=\"banner-inner fill\">\n        <div class=\"banner-bg fill\" >\n            <img loading=\"lazy\" decoding=\"async\" width=\"945\" height=\"756\" src=\"https:\/\/topfiber.fi\/wp-content\/uploads\/2020\/11\/9_aabb051.png\" class=\"bg attachment-large size-large\" alt=\"\" \/>                                    \n                    <\/div>\n\t\t\n        <div class=\"banner-layers container\">\n            <div class=\"fill banner-link\"><\/div>            \n\n   <div id=\"text-box-2034678093\" class=\"text-box banner-layer x50 md-x50 lg-x50 y50 md-y50 lg-y50 res-text\">\n                                <div class=\"text-box-content text dark\">\n              \n              <div class=\"text-inner text-center\">\n                  \n\n\n              <\/div>\n           <\/div>\n                            \n<style>\n#text-box-2034678093 {\n  width: 60%;\n}\n#text-box-2034678093 .text-box-content {\n  font-size: 100%;\n}\n<\/style>\n    <\/div>\n \n\n        <\/div>\n      <\/div>\n\n            \n<style>\n#banner-1847202200 {\n  padding-top: 500px;\n}\n<\/style>\n  <\/div>\n\n\n\n     <\/div>\n\n     <div class=\"loading-spin dark large centered\"><\/div>\n\n\t<\/div>\n\n\n\n\t\t<\/div>\n\t\t\t\t\t<\/div>\n\n\t\n\n\t<div id=\"col-1869624605\" class=\"col medium-9 small-12 large-6\"  >\n\t\t\t\t<div class=\"col-inner text-left\"  >\n\t\t\t\n\t\t\t\n\n<h3><span style=\"font-size: 120%;\">TopFiber &#8211; new hair building fiber for thinning hair<\/span><\/h3>\n<p>TopFiber hair building fiber is 100% made in Finland. The product is made from natural keratin fiber, the same protein that our natural hair contains. TopFiber adds volume and fullness to hair and helps cover up the scalp. Thousands of tiny protein fibers adhere statically to the hair. To lock the product in, use the special quick drying TopFiber hair fiberhold spray. Finally, you lock the hair fibers in place with TopFiber fixing spray. TopFiber hair sticks stay in place despite wind, rain or sweating.<\/p>\n<p><strong>Thousands of tiny protein fibers attach to thinning hair through an electric charge and the results are noticable immediately.<br><br><\/strong><\/p>\n\n\t\t<\/div>\n\t\t\t\t\n<style>\n#col-1869624605 > .col-inner {\n  padding: 0px 0px 0px 0px;\n}\n@media (min-width:850px) {\n  #col-1869624605 > .col-inner {\n    padding: 0px 50px 0px 50px;\n  }\n}\n<\/style>\n\t<\/div>\n\n\t\n\n<\/div>\n<div class=\"row row-large align-middle align-center\" style=\"max-width:1400px\" id=\"row-941883535\">\n\n\n\t<div id=\"col-195396424\" class=\"col medium-9 small-12 large-6\"  >\n\t\t\t\t<div class=\"col-inner text-left\"  >\n\t\t\t\n\t\t\t\n\n<h3><span style=\"font-size: 120%;\">Choose the colour and size according to your needs<br><\/span><\/h3>\n<p>TopFiber hair building fiber is available in eight tones &#8211; the darker the<br>tone, the better the coverage. Three package sizes. How long will a<br>bottle of TopFiber last; regular 15g &#8211; approximately 30 days, large 28g &#8211;<br>approximately 60 or more days, giant 45g &#8211; approximately 120 or more<br>days. This quality product is easy to use and is available for both<br>professional and home use.<\/p>\n\n\t\t<\/div>\n\t\t\t\t\n<style>\n#col-195396424 > .col-inner {\n  padding: 0px 0px 0px 0px;\n}\n@media (min-width:850px) {\n  #col-195396424 > .col-inner {\n    padding: 0px 50px 0px 50px;\n  }\n}\n<\/style>\n\t<\/div>\n\n\t\n\n\t<div id=\"col-1609013990\" class=\"col medium-9 small-12 large-6 medium-col-first\"  >\n\t\t\t\t<div class=\"col-inner\"  >\n\t\t\t\n\t\t\t\n\n\n  <div class=\"banner has-hover\" id=\"banner-241835235\">\n          <div class=\"banner-inner fill\">\n        <div class=\"banner-bg fill\" >\n            <img loading=\"lazy\" decoding=\"async\" width=\"1020\" height=\"1020\" src=\"https:\/\/topfiber.fi\/wp-content\/uploads\/2020\/11\/topfiber-varit-1024x1024.jpg\" class=\"bg attachment-large size-large\" alt=\"\" \/>                                    \n                    <\/div>\n\t\t\n        <div class=\"banner-layers container\">\n            <div class=\"fill banner-link\"><\/div>            \n\n   <div id=\"text-box-1117110587\" class=\"text-box banner-layer x50 md-x50 lg-x50 y50 md-y50 lg-y50 res-text\">\n                                <div class=\"text-box-content text dark\">\n              \n              <div class=\"text-inner text-center\">\n                  \n\n\n              <\/div>\n           <\/div>\n                            \n<style>\n#text-box-1117110587 {\n  width: 60%;\n}\n#text-box-1117110587 .text-box-content {\n  font-size: 100%;\n}\n@media (min-width:550px) {\n  #text-box-1117110587 {\n    width: 60%;\n  }\n}\n<\/style>\n    <\/div>\n \n\n        <\/div>\n      <\/div>\n\n              <div class=\"height-fix is-invisible\"><img loading=\"lazy\" decoding=\"async\" width=\"1020\" height=\"1020\" src=\"https:\/\/topfiber.fi\/wp-content\/uploads\/2020\/11\/topfiber-varit-1024x1024.jpg\" class=\"attachment-large size-large\" alt=\"\" srcset=\"https:\/\/topfiber.fi\/wp-content\/uploads\/2020\/11\/topfiber-varit-1024x1024.jpg 1024w, https:\/\/topfiber.fi\/wp-content\/uploads\/2020\/11\/topfiber-varit-100x100.jpg 100w, https:\/\/topfiber.fi\/wp-content\/uploads\/2020\/11\/topfiber-varit-510x510.jpg 510w, https:\/\/topfiber.fi\/wp-content\/uploads\/2020\/11\/topfiber-varit-300x300.jpg 300w, https:\/\/topfiber.fi\/wp-content\/uploads\/2020\/11\/topfiber-varit-150x150.jpg 150w, https:\/\/topfiber.fi\/wp-content\/uploads\/2020\/11\/topfiber-varit-768x768.jpg 768w, https:\/\/topfiber.fi\/wp-content\/uploads\/2020\/11\/topfiber-varit.jpg 1080w\" sizes=\"auto, (max-width: 1020px) 100vw, 1020px\" \/><\/div>\n            \n<style>\n#banner-241835235 {\n  padding-top: 300px;\n}\n<\/style>\n  <\/div>\n\n\n\n\t\t<\/div>\n\t\t\t\t\t<\/div>\n\n\t\n\n<\/div>\n\t<div id=\"gap-168326379\" class=\"gap-element clearfix\" style=\"display:block; height:auto;\">\n\t\t\n<style>\n#gap-168326379 {\n  padding-top: 100px;\n}\n<\/style>\n\t<\/div>\n\t\n\n\n\t\t<\/div>\n\n\t\t\n<style>\n#section_303852000 {\n  padding-top: 0px;\n  padding-bottom: 0px;\n}\n<\/style>\n\t<\/section>\n\t\n\n\t<section class=\"section\" id=\"section_354430563\">\n\t\t<div class=\"section-bg fill\" >\n\t\t\t<img loading=\"lazy\" decoding=\"async\" width=\"2560\" height=\"1707\" src=\"https:\/\/topfiber.fi\/wp-content\/uploads\/2020\/11\/IMG_2339_5dd759e-scaled.jpg\" class=\"bg attachment-original size-original\" alt=\"\" \/>\t\t\t\t\t\t\n\t\t\t\n\n\t\t<\/div>\n\n\t\t\n\n\t\t<div class=\"section-content relative\">\n\t\t\t\n\n\t<div id=\"gap-2129486387\" class=\"gap-element clearfix\" style=\"display:block; height:auto;\">\n\t\t\n<style>\n#gap-2129486387 {\n  padding-top: 30px;\n}\n<\/style>\n\t<\/div>\n\t\n\n\n\t\t<\/div>\n\n\t\t\n<style>\n#section_354430563 {\n  padding-top: 30px;\n  padding-bottom: 30px;\n  min-height: 599px;\n}\n#section_354430563 .section-bg img {\n  object-position: 52% 0%;\n}\n<\/style>\n\t<\/section>\n\t\n\n\t<section class=\"section\" id=\"section_126817053\">\n\t\t<div class=\"section-bg fill\" >\n\t\t\t\t\t\t\t\t\t\n\t\t\t\n\n\t\t<\/div>\n\n\t\t\n\n\t\t<div class=\"section-content relative\">\n\t\t\t\n\n<div class=\"row\"  id=\"row-227955306\">\n\n\n\t<div id=\"col-452228505\" class=\"col medium-8 small-12 large-8\"  >\n\t\t\t\t<div class=\"col-inner dark\" style=\"background-color:rgb(42, 42, 42);\" >\n\t\t\t\n\t\t\t\n\n<p><strong>It is very easy to sprinkle the hair fiber on the bottle&#8217;s own sprinkler lid or with an electronic hair fiber sprayer developed by AM Production.<br><\/strong><\/p>\n<ol>\n<li>Towel dry or blow dry your hair. Use the product only on dry hair.<\/li>\n<li>Sprinkle TopFiber fibers on the problem area directly from the bottle or use an electronic hair fiber spray.<\/li>\n<li>Keep the can about 10-15 cm above the area that needs thickening. To cover smaller areas, take the can closer to the area to be thickened. Squeeze or shake the can.<\/li>\n<li>Use a hairbrush or any comb and style your hair the way you want.<\/li>\n<li>If the coverage is not enough, add TopFiber and comb your hair until it looks thick.<\/li>\n<li>Finally, lock the hair fibers with TopFiber special dry fixative. After use, close the lid of the can and store in a dry place.<\/li>\n<li>You can remove TopFiber fibers from your hair by washing your hair.<\/li>\n<\/ol>\n\t<div id=\"gap-181679005\" class=\"gap-element clearfix\" style=\"display:block; height:auto;\">\n\t\t\n<style>\n#gap-181679005 {\n  padding-top: 10px;\n}\n<\/style>\n\t<\/div>\n\t\n\n\n\t\t<\/div>\n\t\t\t\t\n<style>\n#col-452228505 > .col-inner {\n  margin: -100px 0px 0px 0px;\n}\n<\/style>\n\t<\/div>\n\n\t\n\n\n<style>\n#row-227955306 > .col > .col-inner {\n  padding: 60px 60px 40px 60px;\n}\n<\/style>\n<\/div>\n\n\t\t<\/div>\n\n\t\t\n<style>\n#section_126817053 {\n  padding-top: 0px;\n  padding-bottom: 0px;\n}\n<\/style>\n\t<\/section>\n\t\n<div class=\"row\"  id=\"row-1651814528\">\n\n\n\t<div id=\"col-7469403\" class=\"col small-12 large-12\"  >\n\t\t\t\t<div class=\"col-inner\"  >\n\t\t\t\n\t\t\t\n\n<h2>Your hair looks completely natural and authentic<\/h2>\n<p>TopFiber transform fine, thin or thinning hair instantly. Your hair look is much fuller and thicker and it is undetectable even at close range. TopFiber does not run or smudge &#8211; it stays firmly in place in wind, rain and during exercise. It washes out easily with normal shampoo. TopFiber is safe to use in combination with other hair loss treatments.hdess\u00e4 hiustenl\u00e4ht\u00f6\u00e4 ehk\u00e4isevien hoitojen kanssa.<\/p>\n\n\t\t<\/div>\n\t\t\t\t\t<\/div>\n\n\t\n\n\t<div id=\"col-1146007219\" class=\"col small-12 large-12\"  >\n\t\t\t\t<div class=\"col-inner\"  >\n\t\t\t\n\t\t\t\n\n<div id=\"twenty20-1\" class=\"twenty20\" style=\"width: 52%;\"><div class=\"twentytwenty-container twenty20-1\"><img decoding=\"async\" src=\"https:\/\/topfiber.fi\/wp-content\/uploads\/2020\/11\/Alpo_ennen_e097cc6.jpg\" alt=\"Before image\" \/><img decoding=\"async\" src=\"https:\/\/topfiber.fi\/wp-content\/uploads\/2020\/11\/Alpo_jalkeen_b4df001.jpg\" alt=\"After image\" \/><\/div><\/div>\n\n\n\t\t<\/div>\n\t\t\t\t\t<\/div>\n\n\t\n\n<\/div>\n\t<div id=\"gap-2073912910\" class=\"gap-element clearfix\" style=\"display:block; height:auto;\">\n\t\t\n<style>\n#gap-2073912910 {\n  padding-top: 15px;\n}\n<\/style>\n\t<\/div>\n\t\n\n\n\t<section class=\"section\" id=\"section_1427404822\">\n\t\t<div class=\"section-bg fill\" >\n\t\t\t<img loading=\"lazy\" decoding=\"async\" width=\"1920\" height=\"1234\" src=\"https:\/\/topfiber.fi\/wp-content\/uploads\/2020\/11\/TopFiber-hair-sprayer_0e9e8222.jpg\" class=\"bg attachment-original size-original\" alt=\"\" \/>\t\t\t\t\t\t\n\t\t\t\n\n\t\t<\/div>\n\n\t\t\n\n\t\t<div class=\"section-content relative\">\n\t\t\t\n\n\t<div id=\"gap-1309688652\" class=\"gap-element clearfix\" style=\"display:block; height:auto;\">\n\t\t\n<style>\n#gap-1309688652 {\n  padding-top: 30px;\n}\n<\/style>\n\t<\/div>\n\t\n\n\n\t\t<\/div>\n\n\t\t\n<style>\n#section_1427404822 {\n  padding-top: 30px;\n  padding-bottom: 30px;\n  min-height: 654px;\n}\n#section_1427404822 .section-bg img {\n  object-position: 41% 47%;\n}\n<\/style>\n\t<\/section>\n\t\n\n\t<section class=\"section\" id=\"section_1485838273\">\n\t\t<div class=\"section-bg fill\" >\n\t\t\t\t\t\t\t\t\t\n\t\t\t\n\n\t\t<\/div>\n\n\t\t\n\n\t\t<div class=\"section-content relative\">\n\t\t\t\n\n<div class=\"row align-right\"  id=\"row-768722478\">\n\n\n\t<div id=\"col-205032170\" class=\"col medium-8 small-12 large-8\"  >\n\t\t\t\t<div class=\"col-inner\" style=\"background-color:rgb(255, 255, 255);\" >\n\t\t\t\n\t\t\t\n\n<div class=\"container section-title-container\" ><h3 class=\"section-title section-title-normal\"><b><\/b><span class=\"section-title-main\" style=\"font-size:135%;\">New TopFiber hair fiber sprayer<\/span><b><\/b><\/h3><\/div>\n\n<p>The electronic TopFiber hair fiber nebulizer, developed and patented by AM Production, is now available. Thinning hair has never been so effortless before! With the electronic TopFiber hair fiber sprayer, thinning is convenient. Putting the hair follicle can in the sprayer is easy. Likewise speed and intensity control. The sprayer has three different speeds, the slowest speed is for forehead threshing. Rechargeable lithium battery. Ergonomic design.<\/p>\n\t<div id=\"gap-1471489045\" class=\"gap-element clearfix\" style=\"display:block; height:auto;\">\n\t\t\n<style>\n#gap-1471489045 {\n  padding-top: 10px;\n}\n<\/style>\n\t<\/div>\n\t\n\n\n\t\t<\/div>\n\t\t\t\t\n<style>\n#col-205032170 > .col-inner {\n  margin: -100px 0px 0px 0px;\n}\n<\/style>\n\t<\/div>\n\n\t\n\n\n<style>\n#row-768722478 > .col > .col-inner {\n  padding: 60px 60px 40px 60px;\n}\n<\/style>\n<\/div>\n\n\t\t<\/div>\n\n\t\t\n<style>\n#section_1485838273 {\n  padding-top: 0px;\n  padding-bottom: 0px;\n}\n<\/style>\n\t<\/section>\n\t\n\n  <div class=\"banner has-hover\" id=\"banner-1605129194\">\n          <div class=\"banner-inner fill\">\n        <div class=\"banner-bg fill\" >\n            <img loading=\"lazy\" decoding=\"async\" width=\"850\" height=\"567\" src=\"https:\/\/topfiber.fi\/wp-content\/uploads\/2020\/11\/topfiber-hiustuuhenne-1.jpg\" class=\"bg attachment-original size-original\" alt=\"\" \/>                        <div class=\"overlay\"><\/div>            \n                    <\/div>\n\t\t\n        <div class=\"banner-layers container\">\n            <div class=\"fill banner-link\"><\/div>            \n\n   <div id=\"text-box-1895583402\" class=\"text-box banner-layer x50 md-x50 lg-x50 y50 md-y50 lg-y50 res-text\">\n                                <div class=\"text-box-content text dark\">\n              \n              <div class=\"text-inner text-center\">\n                  \n\n<h3><strong>With the electronic TopFiber hair fiber sprayer, thinning is convenient.<br><\/strong><\/h3>\n\n              <\/div>\n           <\/div>\n                            \n<style>\n#text-box-1895583402 {\n  width: 65%;\n}\n#text-box-1895583402 .text-box-content {\n  font-size: 100%;\n}\n<\/style>\n    <\/div>\n \n\n        <\/div>\n      <\/div>\n\n            \n<style>\n#banner-1605129194 {\n  padding-top: 500px;\n}\n#banner-1605129194 .overlay {\n  background-color: rgba(0, 0, 0, 0.63);\n}\n#banner-1605129194 .banner-bg img {\n  object-position: 60% 64%;\n}\n<\/style>\n  <\/div>","protected":false},"excerpt":{"rendered":"","protected":false},"author":22,"featured_media":0,"parent":0,"menu_order":0,"comment_status":"closed","ping_status":"closed","template":"page-blank.php","meta":{"footnotes":""},"class_list":["post-389","page","type-page","status-publish","hentry"],"yoast_head":"<!-- This site is optimized with the Yoast SEO plugin v27.4 - https:\/\/yoast.com\/product\/yoast-seo-wordpress\/ -->\n<title>HAIR FIBER - TopFiber<\/title>\n<meta name=\"robots\" content=\"index, follow, max-snippet:-1, max-image-preview:large, max-video-preview:-1\" \/>\n<link rel=\"canonical\" href=\"https:\/\/topfiber.fi\/en\/hair-fiber\/\" \/>\n<meta property=\"og:locale\" content=\"en_GB\" \/>\n<meta property=\"og:type\" content=\"article\" \/>\n<meta property=\"og:title\" content=\"HAIR FIBER - TopFiber\" \/>\n<meta property=\"og:url\" content=\"https:\/\/topfiber.fi\/en\/hair-fiber\/\" \/>\n<meta property=\"og:site_name\" content=\"TopFiber\" \/>\n<meta property=\"article:modified_time\" content=\"2021-01-12T00:29:51+00:00\" \/>\n<meta name=\"twitter:card\" content=\"summary_large_image\" \/>\n<meta name=\"twitter:label1\" content=\"Estimated reading time\" \/>\n\t<meta name=\"twitter:data1\" content=\"4 minutes\" \/>\n<script type=\"application\/ld+json\" class=\"yoast-schema-graph\">{\"@context\":\"https:\\\/\\\/schema.org\",\"@graph\":[{\"@type\":\"WebPage\",\"@id\":\"https:\\\/\\\/topfiber.fi\\\/hair-fiber\\\/\",\"url\":\"https:\\\/\\\/topfiber.fi\\\/hair-fiber\\\/\",\"name\":\"HAIR FIBER - TopFiber\",\"isPartOf\":{\"@id\":\"https:\\\/\\\/topfiber.fi\\\/nb\\\/#website\"},\"datePublished\":\"2021-01-12T00:29:08+00:00\",\"dateModified\":\"2021-01-12T00:29:51+00:00\",\"breadcrumb\":{\"@id\":\"https:\\\/\\\/topfiber.fi\\\/hair-fiber\\\/#breadcrumb\"},\"inLanguage\":\"en-GB\",\"potentialAction\":[{\"@type\":\"ReadAction\",\"target\":[\"https:\\\/\\\/topfiber.fi\\\/hair-fiber\\\/\"]}]},{\"@type\":\"BreadcrumbList\",\"@id\":\"https:\\\/\\\/topfiber.fi\\\/hair-fiber\\\/#breadcrumb\",\"itemListElement\":[{\"@type\":\"ListItem\",\"position\":1,\"name\":\"Etusivu\",\"item\":\"https:\\\/\\\/topfiber.fi\\\/\"},{\"@type\":\"ListItem\",\"position\":2,\"name\":\"HAIR FIBER\"}]},{\"@type\":\"WebSite\",\"@id\":\"https:\\\/\\\/topfiber.fi\\\/nb\\\/#website\",\"url\":\"https:\\\/\\\/topfiber.fi\\\/nb\\\/\",\"name\":\"TopFiber\",\"description\":\"Hiustuotannon edell\u00e4k\u00e4vij\u00e4n\u00e4 Suomessa.\",\"potentialAction\":[{\"@type\":\"SearchAction\",\"target\":{\"@type\":\"EntryPoint\",\"urlTemplate\":\"https:\\\/\\\/topfiber.fi\\\/nb\\\/?s={search_term_string}\"},\"query-input\":{\"@type\":\"PropertyValueSpecification\",\"valueRequired\":true,\"valueName\":\"search_term_string\"}}],\"inLanguage\":\"en-GB\"}]}<\/script>\n<!-- \/ Yoast SEO plugin. -->","yoast_head_json":{"title":"HAIR FIBER - TopFiber","robots":{"index":"index","follow":"follow","max-snippet":"max-snippet:-1","max-image-preview":"max-image-preview:large","max-video-preview":"max-video-preview:-1"},"canonical":"https:\/\/topfiber.fi\/en\/hair-fiber\/","og_locale":"en_GB","og_type":"article","og_title":"HAIR FIBER - TopFiber","og_url":"https:\/\/topfiber.fi\/en\/hair-fiber\/","og_site_name":"TopFiber","article_modified_time":"2021-01-12T00:29:51+00:00","twitter_card":"summary_large_image","twitter_misc":{"Estimated reading time":"4 minutes"},"schema":{"@context":"https:\/\/schema.org","@graph":[{"@type":"WebPage","@id":"https:\/\/topfiber.fi\/hair-fiber\/","url":"https:\/\/topfiber.fi\/hair-fiber\/","name":"HAIR FIBER - TopFiber","isPartOf":{"@id":"https:\/\/topfiber.fi\/nb\/#website"},"datePublished":"2021-01-12T00:29:08+00:00","dateModified":"2021-01-12T00:29:51+00:00","breadcrumb":{"@id":"https:\/\/topfiber.fi\/hair-fiber\/#breadcrumb"},"inLanguage":"en-GB","potentialAction":[{"@type":"ReadAction","target":["https:\/\/topfiber.fi\/hair-fiber\/"]}]},{"@type":"BreadcrumbList","@id":"https:\/\/topfiber.fi\/hair-fiber\/#breadcrumb","itemListElement":[{"@type":"ListItem","position":1,"name":"Etusivu","item":"https:\/\/topfiber.fi\/"},{"@type":"ListItem","position":2,"name":"HAIR FIBER"}]},{"@type":"WebSite","@id":"https:\/\/topfiber.fi\/nb\/#website","url":"https:\/\/topfiber.fi\/nb\/","name":"TopFiber","description":"Hiustuotannon edell\u00e4k\u00e4vij\u00e4n\u00e4 Suomessa.","potentialAction":[{"@type":"SearchAction","target":{"@type":"EntryPoint","urlTemplate":"https:\/\/topfiber.fi\/nb\/?s={search_term_string}"},"query-input":{"@type":"PropertyValueSpecification","valueRequired":true,"valueName":"search_term_string"}}],"inLanguage":"en-GB"}]}},"jetpack_sharing_enabled":true,"_links":{"self":[{"href":"https:\/\/topfiber.fi\/en\/wp-json\/wp\/v2\/pages\/389","targetHints":{"allow":["GET"]}}],"collection":[{"href":"https:\/\/topfiber.fi\/en\/wp-json\/wp\/v2\/pages"}],"about":[{"href":"https:\/\/topfiber.fi\/en\/wp-json\/wp\/v2\/types\/page"}],"author":[{"embeddable":true,"href":"https:\/\/topfiber.fi\/en\/wp-json\/wp\/v2\/users\/22"}],"replies":[{"embeddable":true,"href":"https:\/\/topfiber.fi\/en\/wp-json\/wp\/v2\/comments?post=389"}],"version-history":[{"count":4,"href":"https:\/\/topfiber.fi\/en\/wp-json\/wp\/v2\/pages\/389\/revisions"}],"predecessor-version":[{"id":648,"href":"https:\/\/topfiber.fi\/en\/wp-json\/wp\/v2\/pages\/389\/revisions\/648"}],"wp:attachment":[{"href":"https:\/\/topfiber.fi\/en\/wp-json\/wp\/v2\/media?parent=389"}],"curies":[{"name":"wp","href":"https:\/\/api.w.org\/{rel}","templated":true}]}}